{"id":1804,"date":"2022-07-28T19:20:38","date_gmt":"2022-07-28T19:20:38","guid":{"rendered":"https:\/\/martinymiguens.com.ar\/?page_id=1804"},"modified":"2023-03-16T16:12:39","modified_gmt":"2023-03-16T16:12:39","slug":"marcelo-e-martin-n","status":"publish","type":"page","link":"https:\/\/martinymiguens.com.ar\/index.php\/marcelo-e-martin-n\/","title":{"rendered":"Marcelo E. Martin (n)"},"content":{"rendered":"\t\t<div data-elementor-type=\"wp-page\" data-elementor-id=\"1804\" class=\"elementor elementor-1804\">\n\t\t\t\t\t\t<div class=\"elementor-inner\">\n\t\t\t\t<div class=\"elementor-section-wrap\">\n\t\t\t\t\t\t\t\t\t<section class=\"elementor-section elementor-top-section elementor-element elementor-element-035fc29 elementor-section-boxed elementor-section-height-default elementor-section-height-default\" data-id=\"035fc29\" data-element_type=\"section\" data-settings=\"{&quot;background_background&quot;:&quot;classic&quot;}\">\n\t\t\t\t\t\t<div class=\"elementor-container elementor-column-gap-no\">\n\t\t\t\t\t\t\t<div class=\"elementor-row\">\n\t\t\t\t\t<div class=\"elementor-column elementor-col-100 elementor-top-column elementor-element elementor-element-5bfad7c\" data-id=\"5bfad7c\" data-element_type=\"column\">\n\t\t\t<div class=\"elementor-column-wrap elementor-element-populated\">\n\t\t\t\t\t\t\t<div class=\"elementor-widget-wrap\">\n\t\t\t\t\t\t<div class=\"elementor-element elementor-element-86880db elementor-widget elementor-widget-heading\" data-id=\"86880db\" data-element_type=\"widget\" data-widget_type=\"heading.default\">\n\t\t\t\t<div class=\"elementor-widget-container\">\n\t\t\t<h1 class=\"elementor-heading-title elementor-size-default\">Marcelo E. Martin (N)\n<\/h1>\t\t<\/div>\n\t\t\t\t<\/div>\n\t\t\t\t\t\t<\/div>\n\t\t\t\t\t<\/div>\n\t\t<\/div>\n\t\t\t\t\t\t\t\t<\/div>\n\t\t\t\t\t<\/div>\n\t\t<\/section>\n\t\t\t\t<section class=\"elementor-section elementor-top-section elementor-element elementor-element-e6aa90f elementor-section-content-middle elementor-section-boxed elementor-section-height-default elementor-section-height-default\" data-id=\"e6aa90f\" data-element_type=\"section\" data-settings=\"{&quot;background_background&quot;:&quot;classic&quot;}\">\n\t\t\t\t\t\t\t<div class=\"elementor-background-overlay\"><\/div>\n\t\t\t\t\t\t\t<div class=\"elementor-container elementor-column-gap-no\">\n\t\t\t\t\t\t\t<div class=\"elementor-row\">\n\t\t\t\t\t<div class=\"elementor-column elementor-col-100 elementor-top-column elementor-element elementor-element-5346f95\" data-id=\"5346f95\" data-element_type=\"column\">\n\t\t\t<div class=\"elementor-column-wrap elementor-element-populated\">\n\t\t\t\t\t\t\t<div class=\"elementor-widget-wrap\">\n\t\t\t\t\t\t<div class=\"elementor-element elementor-element-cd873af elementor-widget elementor-widget-image\" data-id=\"cd873af\" data-element_type=\"widget\" data-widget_type=\"image.default\">\n\t\t\t\t<div class=\"elementor-widget-container\">\n\t\t\t\t\t\t\t\t<div class=\"elementor-image\">\n\t\t\t\t\t\t\t\t\t\t\t\t<img width=\"300\" height=\"300\" src=\"https:\/\/martinymiguens.com.ar\/wp-content\/uploads\/2022\/07\/marceloe-martin-profile-300x300.jpg\" class=\"attachment-medium size-medium\" alt=\"\" loading=\"lazy\" srcset=\"https:\/\/martinymiguens.com.ar\/wp-content\/uploads\/2022\/07\/marceloe-martin-profile-300x300.jpg 300w, https:\/\/martinymiguens.com.ar\/wp-content\/uploads\/2022\/07\/marceloe-martin-profile-150x150.jpg 150w, https:\/\/martinymiguens.com.ar\/wp-content\/uploads\/2022\/07\/marceloe-martin-profile-144x144.jpg 144w, https:\/\/martinymiguens.com.ar\/wp-content\/uploads\/2022\/07\/marceloe-martin-profile.jpg 400w\" sizes=\"(max-width: 300px) 100vw, 300px\" \/>\t\t\t\t\t\t\t\t\t\t\t\t\t\t<\/div>\n\t\t\t\t\t\t<\/div>\n\t\t\t\t<\/div>\n\t\t\t\t<div class=\"elementor-element elementor-element-22ba437 elementor-widget elementor-widget-text-editor\" data-id=\"22ba437\" data-element_type=\"widget\" data-widget_type=\"text-editor.default\">\n\t\t\t\t<div class=\"elementor-widget-container\">\n\t\t\t\t\t\t\t\t<div class=\"elementor-text-editor elementor-clearfix\">\n\t\t\t\t<p><em>Nacido en Buenos Aires en 1973.<\/em><\/p><p><em>Bachiller por el Colegio San Agust\u00edn en 1990 y abogado por la Universidad Cat\u00f3lica Argentina en 1997.<\/em><\/p><p><em>Profesor adjunto de la Catedra de Derecho Procesal en la Universidad Cat\u00f3lica Argentina el a\u00f1o 2.000.<\/em><\/p><p><em>Tiene un posgrado en Business &amp; Administration por la U.C.Berkeley, California en 2.001.<\/em><\/p><p><em>Comenz\u00f3 su carrera en CANO\u00a0 PROPIEDADES en 1992, y en 1993 ingreso en El Estudio donde ejerce hasta la actualidad.<\/em><\/p><p><em>Trabaj\u00f3 en el Departamento \u00abPrivate Clients\u00bb del Estudio MERRILL LYNCH en Oakland, California. (2001\/2002)<\/em><\/p><p><em>Es\u00a0miembro del Colegio P\u00fablico de Abogados de la Capital Federal.<\/em><\/p><p><em>Idiomas: Ingl\u00e9s, portugu\u00e9s.<\/em><\/p>\t\t\t\t\t<\/div>\n\t\t\t\t\t\t<\/div>\n\t\t\t\t<\/div>\n\t\t\t\t\t\t<\/div>\n\t\t\t\t\t<\/div>\n\t\t<\/div>\n\t\t\t\t\t\t\t\t<\/div>\n\t\t\t\t\t<\/div>\n\t\t<\/section>\n\t\t\t\t\t\t\t\t\t<\/div>\n\t\t\t<\/div>\n\t\t\t\t\t<\/div>\n\t\t","protected":false},"excerpt":{"rendered":"<p>Marcelo E. Martin (N) Nacido en Buenos Aires en 1973. Bachiller por el Colegio San Agust\u00edn en 1990 y abogado por la Universidad Cat\u00f3lica Argentina en 1997. Profesor adjunto de la Catedra de Derecho Procesal en la Universidad Cat\u00f3lica Argentina el a\u00f1o 2.000. Tiene un posgrado en Business &amp; Administration por la U.C.Berkeley, California en &hellip;<\/p>\n<p class=\"read-more\"> <a class=\"\" href=\"https:\/\/martinymiguens.com.ar\/index.php\/marcelo-e-martin-n\/\"> <span class=\"screen-reader-text\">Marcelo E. Martin (n)<\/span> Leer m\u00e1s &raquo;<\/a><\/p>\n","protected":false},"author":1,"featured_media":0,"parent":0,"menu_order":0,"comment_status":"closed","ping_status":"closed","template":"","meta":{"site-sidebar-layout":"no-sidebar","site-content-layout":"page-builder","ast-global-header-display":"","ast-main-header-display":"","ast-hfb-above-header-display":"","ast-hfb-below-header-display":"","ast-hfb-mobile-header-display":"","site-post-title":"disabled","ast-breadcrumbs-content":"","ast-featured-img":"disabled","footer-sml-layout":"","theme-transparent-header-meta":"","adv-header-id-meta":"","stick-header-meta":"","header-above-stick-meta":"","header-main-stick-meta":"","header-below-stick-meta":""},"yoast_head":"<!-- This site is optimized with the Yoast SEO plugin v19.4 - https:\/\/yoast.com\/wordpress\/plugins\/seo\/ -->\r\n<title>Marcelo E. Martin (n) - Martin y Miguens Abogados<\/title>\r\n<meta name=\"description\" content=\"Nacido en Buenos Aires en 1973.Bachiller por el Colegio San Agust\u00edn en 1990 y abogado por la Universidad Cat\u00f3lica Argentina en 1997.Profesor adjunto de la Catedra de Derecho Procesal en la Universidad Cat\u00f3lica Argentina el a\u00f1o 2.000.Tiene un posgrado en Business &amp; Administration por la U.C.Berkeley, California en 2.001.Comenz\u00f3 su carrera en CANO PROPIEDADES en 1992, y en 1993 ingreso en El Estudio donde ejerce hasta la actualidad. Trabaj\u00f3 en el Departamento \u00abPrivate Clients\u00bb del Estudio MERRILL LYNCH en Oakland, California. (2001\/2002)Es miembro del Colegio P\u00fablico de Abogados de la Capital Federal. Idiomas: Ingl\u00e9s, portugu\u00e9s.\" \/>\r\n<meta name=\"robots\" content=\"index, follow, max-snippet:-1, max-image-preview:large, max-video-preview:-1\" \/>\r\n<link rel=\"canonical\" href=\"https:\/\/martinymiguens.com.ar\/index.php\/marcelo-e-martin-n\/\" \/>\r\n<meta property=\"og:locale\" content=\"es_ES\" \/>\r\n<meta property=\"og:type\" content=\"article\" \/>\r\n<meta property=\"og:title\" content=\"Marcelo E. Martin (n) - Martin y Miguens Abogados\" \/>\r\n<meta property=\"og:description\" content=\"Nacido en Buenos Aires en 1973.Bachiller por el Colegio San Agust\u00edn en 1990 y abogado por la Universidad Cat\u00f3lica Argentina en 1997.Profesor adjunto de la Catedra de Derecho Procesal en la Universidad Cat\u00f3lica Argentina el a\u00f1o 2.000.Tiene un posgrado en Business &amp; Administration por la U.C.Berkeley, California en 2.001.Comenz\u00f3 su carrera en CANO PROPIEDADES en 1992, y en 1993 ingreso en El Estudio donde ejerce hasta la actualidad. Trabaj\u00f3 en el Departamento \u00abPrivate Clients\u00bb del Estudio MERRILL LYNCH en Oakland, California. (2001\/2002)Es miembro del Colegio P\u00fablico de Abogados de la Capital Federal. Idiomas: Ingl\u00e9s, portugu\u00e9s.\" \/>\r\n<meta property=\"og:url\" content=\"https:\/\/martinymiguens.com.ar\/index.php\/marcelo-e-martin-n\/\" \/>\r\n<meta property=\"og:site_name\" content=\"Martin y Miguens Abogados\" \/>\r\n<meta property=\"article:modified_time\" content=\"2023-03-16T16:12:39+00:00\" \/>\r\n<meta property=\"og:image\" content=\"https:\/\/martinymiguens.com.ar\/wp-content\/uploads\/2022\/07\/marceloe-martin-profile-300x300.jpg\" \/>\r\n<meta name=\"twitter:card\" content=\"summary_large_image\" \/>\r\n<meta name=\"twitter:label1\" content=\"Tiempo de lectura\" \/>\n\t<meta name=\"twitter:data1\" content=\"1 minuto\" \/>\r\n<script type=\"application\/ld+json\" class=\"yoast-schema-graph\">{\"@context\":\"https:\/\/schema.org\",\"@graph\":[{\"@type\":\"Organization\",\"@id\":\"https:\/\/martinymiguens.com.ar\/#organization\",\"name\":\"Martin y Miguens Abogados\",\"url\":\"https:\/\/martinymiguens.com.ar\/\",\"sameAs\":[],\"logo\":{\"@type\":\"ImageObject\",\"inLanguage\":\"es\",\"@id\":\"https:\/\/martinymiguens.com.ar\/#\/schema\/logo\/image\/\",\"url\":\"https:\/\/martinymiguens.com.ar\/wp-content\/uploads\/2020\/07\/logo-principal-grande-1.png\",\"contentUrl\":\"https:\/\/martinymiguens.com.ar\/wp-content\/uploads\/2020\/07\/logo-principal-grande-1.png\",\"width\":734,\"height\":204,\"caption\":\"Martin y Miguens Abogados\"},\"image\":{\"@id\":\"https:\/\/martinymiguens.com.ar\/#\/schema\/logo\/image\/\"}},{\"@type\":\"WebSite\",\"@id\":\"https:\/\/martinymiguens.com.ar\/#website\",\"url\":\"https:\/\/martinymiguens.com.ar\/\",\"name\":\"Martin y Miguens Abogados\",\"description\":\"MyM\",\"publisher\":{\"@id\":\"https:\/\/martinymiguens.com.ar\/#organization\"},\"potentialAction\":[{\"@type\":\"SearchAction\",\"target\":{\"@type\":\"EntryPoint\",\"urlTemplate\":\"https:\/\/martinymiguens.com.ar\/?s={search_term_string}\"},\"query-input\":\"required name=search_term_string\"}],\"inLanguage\":\"es\"},{\"@type\":\"WebPage\",\"@id\":\"https:\/\/martinymiguens.com.ar\/index.php\/marcelo-e-martin-n\/\",\"url\":\"https:\/\/martinymiguens.com.ar\/index.php\/marcelo-e-martin-n\/\",\"name\":\"Marcelo E. Martin (n) - Martin y Miguens Abogados\",\"isPartOf\":{\"@id\":\"https:\/\/martinymiguens.com.ar\/#website\"},\"datePublished\":\"2022-07-28T19:20:38+00:00\",\"dateModified\":\"2023-03-16T16:12:39+00:00\",\"description\":\"Nacido en Buenos Aires en 1973.Bachiller por el Colegio San Agust\u00edn en 1990 y abogado por la Universidad Cat\u00f3lica Argentina en 1997.Profesor adjunto de la Catedra de Derecho Procesal en la Universidad Cat\u00f3lica Argentina el a\u00f1o 2.000.Tiene un posgrado en Business & Administration por la U.C.Berkeley, California en 2.001.Comenz\u00f3 su carrera en CANO PROPIEDADES en 1992, y en 1993 ingreso en El Estudio donde ejerce hasta la actualidad. Trabaj\u00f3 en el Departamento \u00abPrivate Clients\u00bb del Estudio MERRILL LYNCH en Oakland, California. (2001\/2002)Es miembro del Colegio P\u00fablico de Abogados de la Capital Federal. Idiomas: Ingl\u00e9s, portugu\u00e9s.\",\"breadcrumb\":{\"@id\":\"https:\/\/martinymiguens.com.ar\/index.php\/marcelo-e-martin-n\/#breadcrumb\"},\"inLanguage\":\"es\",\"potentialAction\":[{\"@type\":\"ReadAction\",\"target\":[\"https:\/\/martinymiguens.com.ar\/index.php\/marcelo-e-martin-n\/\"]}]},{\"@type\":\"BreadcrumbList\",\"@id\":\"https:\/\/martinymiguens.com.ar\/index.php\/marcelo-e-martin-n\/#breadcrumb\",\"itemListElement\":[{\"@type\":\"ListItem\",\"position\":1,\"name\":\"Portada\",\"item\":\"https:\/\/martinymiguens.com.ar\/\"},{\"@type\":\"ListItem\",\"position\":2,\"name\":\"Marcelo E. Martin (n)\"}]}]}<\/script>\r\n<!-- \/ Yoast SEO plugin. -->","yoast_head_json":{"title":"Marcelo E. Martin (n) - Martin y Miguens Abogados","description":"Nacido en Buenos Aires en 1973.Bachiller por el Colegio San Agust\u00edn en 1990 y abogado por la Universidad Cat\u00f3lica Argentina en 1997.Profesor adjunto de la Catedra de Derecho Procesal en la Universidad Cat\u00f3lica Argentina el a\u00f1o 2.000.Tiene un posgrado en Business & Administration por la U.C.Berkeley, California en 2.001.Comenz\u00f3 su carrera en CANO PROPIEDADES en 1992, y en 1993 ingreso en El Estudio donde ejerce hasta la actualidad. Trabaj\u00f3 en el Departamento \u00abPrivate Clients\u00bb del Estudio MERRILL LYNCH en Oakland, California. (2001\/2002)Es miembro del Colegio P\u00fablico de Abogados de la Capital Federal. Idiomas: Ingl\u00e9s, portugu\u00e9s.","robots":{"index":"index","follow":"follow","max-snippet":"max-snippet:-1","max-image-preview":"max-image-preview:large","max-video-preview":"max-video-preview:-1"},"canonical":"https:\/\/martinymiguens.com.ar\/index.php\/marcelo-e-martin-n\/","og_locale":"es_ES","og_type":"article","og_title":"Marcelo E. Martin (n) - Martin y Miguens Abogados","og_description":"Nacido en Buenos Aires en 1973.Bachiller por el Colegio San Agust\u00edn en 1990 y abogado por la Universidad Cat\u00f3lica Argentina en 1997.Profesor adjunto de la Catedra de Derecho Procesal en la Universidad Cat\u00f3lica Argentina el a\u00f1o 2.000.Tiene un posgrado en Business & Administration por la U.C.Berkeley, California en 2.001.Comenz\u00f3 su carrera en CANO PROPIEDADES en 1992, y en 1993 ingreso en El Estudio donde ejerce hasta la actualidad. Trabaj\u00f3 en el Departamento \u00abPrivate Clients\u00bb del Estudio MERRILL LYNCH en Oakland, California. (2001\/2002)Es miembro del Colegio P\u00fablico de Abogados de la Capital Federal. Idiomas: Ingl\u00e9s, portugu\u00e9s.","og_url":"https:\/\/martinymiguens.com.ar\/index.php\/marcelo-e-martin-n\/","og_site_name":"Martin y Miguens Abogados","article_modified_time":"2023-03-16T16:12:39+00:00","og_image":[{"url":"https:\/\/martinymiguens.com.ar\/wp-content\/uploads\/2022\/07\/marceloe-martin-profile-300x300.jpg"}],"twitter_card":"summary_large_image","twitter_misc":{"Tiempo de lectura":"1 minuto"},"schema":{"@context":"https:\/\/schema.org","@graph":[{"@type":"Organization","@id":"https:\/\/martinymiguens.com.ar\/#organization","name":"Martin y Miguens Abogados","url":"https:\/\/martinymiguens.com.ar\/","sameAs":[],"logo":{"@type":"ImageObject","inLanguage":"es","@id":"https:\/\/martinymiguens.com.ar\/#\/schema\/logo\/image\/","url":"https:\/\/martinymiguens.com.ar\/wp-content\/uploads\/2020\/07\/logo-principal-grande-1.png","contentUrl":"https:\/\/martinymiguens.com.ar\/wp-content\/uploads\/2020\/07\/logo-principal-grande-1.png","width":734,"height":204,"caption":"Martin y Miguens Abogados"},"image":{"@id":"https:\/\/martinymiguens.com.ar\/#\/schema\/logo\/image\/"}},{"@type":"WebSite","@id":"https:\/\/martinymiguens.com.ar\/#website","url":"https:\/\/martinymiguens.com.ar\/","name":"Martin y Miguens Abogados","description":"MyM","publisher":{"@id":"https:\/\/martinymiguens.com.ar\/#organization"},"potentialAction":[{"@type":"SearchAction","target":{"@type":"EntryPoint","urlTemplate":"https:\/\/martinymiguens.com.ar\/?s={search_term_string}"},"query-input":"required name=search_term_string"}],"inLanguage":"es"},{"@type":"WebPage","@id":"https:\/\/martinymiguens.com.ar\/index.php\/marcelo-e-martin-n\/","url":"https:\/\/martinymiguens.com.ar\/index.php\/marcelo-e-martin-n\/","name":"Marcelo E. Martin (n) - Martin y Miguens Abogados","isPartOf":{"@id":"https:\/\/martinymiguens.com.ar\/#website"},"datePublished":"2022-07-28T19:20:38+00:00","dateModified":"2023-03-16T16:12:39+00:00","description":"Nacido en Buenos Aires en 1973.Bachiller por el Colegio San Agust\u00edn en 1990 y abogado por la Universidad Cat\u00f3lica Argentina en 1997.Profesor adjunto de la Catedra de Derecho Procesal en la Universidad Cat\u00f3lica Argentina el a\u00f1o 2.000.Tiene un posgrado en Business & Administration por la U.C.Berkeley, California en 2.001.Comenz\u00f3 su carrera en CANO PROPIEDADES en 1992, y en 1993 ingreso en El Estudio donde ejerce hasta la actualidad. Trabaj\u00f3 en el Departamento \u00abPrivate Clients\u00bb del Estudio MERRILL LYNCH en Oakland, California. (2001\/2002)Es miembro del Colegio P\u00fablico de Abogados de la Capital Federal. Idiomas: Ingl\u00e9s, portugu\u00e9s.","breadcrumb":{"@id":"https:\/\/martinymiguens.com.ar\/index.php\/marcelo-e-martin-n\/#breadcrumb"},"inLanguage":"es","potentialAction":[{"@type":"ReadAction","target":["https:\/\/martinymiguens.com.ar\/index.php\/marcelo-e-martin-n\/"]}]},{"@type":"BreadcrumbList","@id":"https:\/\/martinymiguens.com.ar\/index.php\/marcelo-e-martin-n\/#breadcrumb","itemListElement":[{"@type":"ListItem","position":1,"name":"Portada","item":"https:\/\/martinymiguens.com.ar\/"},{"@type":"ListItem","position":2,"name":"Marcelo E. Martin (n)"}]}]}},"_links":{"self":[{"href":"https:\/\/martinymiguens.com.ar\/index.php\/wp-json\/wp\/v2\/pages\/1804"}],"collection":[{"href":"https:\/\/martinymiguens.com.ar\/index.php\/wp-json\/wp\/v2\/pages"}],"about":[{"href":"https:\/\/martinymiguens.com.ar\/index.php\/wp-json\/wp\/v2\/types\/page"}],"author":[{"embeddable":true,"href":"https:\/\/martinymiguens.com.ar\/index.php\/wp-json\/wp\/v2\/users\/1"}],"replies":[{"embeddable":true,"href":"https:\/\/martinymiguens.com.ar\/index.php\/wp-json\/wp\/v2\/comments?post=1804"}],"version-history":[{"count":7,"href":"https:\/\/martinymiguens.com.ar\/index.php\/wp-json\/wp\/v2\/pages\/1804\/revisions"}],"predecessor-version":[{"id":1930,"href":"https:\/\/martinymiguens.com.ar\/index.php\/wp-json\/wp\/v2\/pages\/1804\/revisions\/1930"}],"wp:attachment":[{"href":"https:\/\/martinymiguens.com.ar\/index.php\/wp-json\/wp\/v2\/media?parent=1804"}],"curies":[{"name":"wp","href":"https:\/\/api.w.org\/{rel}","templated":true}]}}