{"id":1786,"date":"2022-07-28T19:06:13","date_gmt":"2022-07-28T19:06:13","guid":{"rendered":"https:\/\/martinymiguens.com.ar\/?page_id=1786"},"modified":"2022-12-17T16:07:48","modified_gmt":"2022-12-17T16:07:48","slug":"matias-m-llorente","status":"publish","type":"page","link":"https:\/\/martinymiguens.com.ar\/index.php\/matias-m-llorente\/","title":{"rendered":"Matias M. Llorente"},"content":{"rendered":"\t\t<div data-elementor-type=\"wp-page\" data-elementor-id=\"1786\" class=\"elementor elementor-1786\">\n\t\t\t\t\t\t<div class=\"elementor-inner\">\n\t\t\t\t<div class=\"elementor-section-wrap\">\n\t\t\t\t\t\t\t\t\t<section class=\"elementor-section elementor-top-section elementor-element elementor-element-b779102 elementor-section-boxed elementor-section-height-default elementor-section-height-default\" data-id=\"b779102\" data-element_type=\"section\" data-settings=\"{&quot;background_background&quot;:&quot;classic&quot;}\">\n\t\t\t\t\t\t<div class=\"elementor-container elementor-column-gap-no\">\n\t\t\t\t\t\t\t<div class=\"elementor-row\">\n\t\t\t\t\t<div class=\"elementor-column elementor-col-100 elementor-top-column elementor-element elementor-element-514d210\" data-id=\"514d210\" data-element_type=\"column\">\n\t\t\t<div class=\"elementor-column-wrap elementor-element-populated\">\n\t\t\t\t\t\t\t<div class=\"elementor-widget-wrap\">\n\t\t\t\t\t\t<div class=\"elementor-element elementor-element-55328b6 elementor-widget elementor-widget-heading\" data-id=\"55328b6\" data-element_type=\"widget\" data-widget_type=\"heading.default\">\n\t\t\t\t<div class=\"elementor-widget-container\">\n\t\t\t<h1 class=\"elementor-heading-title elementor-size-default\">Mat\u00edas M. Llorente<\/h1>\t\t<\/div>\n\t\t\t\t<\/div>\n\t\t\t\t\t\t<\/div>\n\t\t\t\t\t<\/div>\n\t\t<\/div>\n\t\t\t\t\t\t\t\t<\/div>\n\t\t\t\t\t<\/div>\n\t\t<\/section>\n\t\t\t\t<section class=\"elementor-section elementor-top-section elementor-element elementor-element-dd8d613 elementor-section-content-middle elementor-section-boxed elementor-section-height-default elementor-section-height-default\" data-id=\"dd8d613\" data-element_type=\"section\" data-settings=\"{&quot;background_background&quot;:&quot;classic&quot;}\">\n\t\t\t\t\t\t\t<div class=\"elementor-background-overlay\"><\/div>\n\t\t\t\t\t\t\t<div class=\"elementor-container elementor-column-gap-no\">\n\t\t\t\t\t\t\t<div class=\"elementor-row\">\n\t\t\t\t\t<div class=\"elementor-column elementor-col-100 elementor-top-column elementor-element elementor-element-733acf1\" data-id=\"733acf1\" data-element_type=\"column\">\n\t\t\t<div class=\"elementor-column-wrap elementor-element-populated\">\n\t\t\t\t\t\t\t<div class=\"elementor-widget-wrap\">\n\t\t\t\t\t\t<div class=\"elementor-element elementor-element-12ede97 elementor-widget elementor-widget-image\" data-id=\"12ede97\" data-element_type=\"widget\" data-widget_type=\"image.default\">\n\t\t\t\t<div class=\"elementor-widget-container\">\n\t\t\t\t\t\t\t\t<div class=\"elementor-image\">\n\t\t\t\t\t\t\t\t\t\t\t\t<img width=\"300\" height=\"300\" src=\"https:\/\/martinymiguens.com.ar\/wp-content\/uploads\/2022\/07\/mm-llorente-profile-300x300.jpg\" class=\"attachment-medium size-medium\" alt=\"\" loading=\"lazy\" srcset=\"https:\/\/martinymiguens.com.ar\/wp-content\/uploads\/2022\/07\/mm-llorente-profile-300x300.jpg 300w, https:\/\/martinymiguens.com.ar\/wp-content\/uploads\/2022\/07\/mm-llorente-profile-150x150.jpg 150w, https:\/\/martinymiguens.com.ar\/wp-content\/uploads\/2022\/07\/mm-llorente-profile-144x144.jpg 144w, https:\/\/martinymiguens.com.ar\/wp-content\/uploads\/2022\/07\/mm-llorente-profile.jpg 615w\" sizes=\"(max-width: 300px) 100vw, 300px\" \/>\t\t\t\t\t\t\t\t\t\t\t\t\t\t<\/div>\n\t\t\t\t\t\t<\/div>\n\t\t\t\t<\/div>\n\t\t\t\t<div class=\"elementor-element elementor-element-bed4adb elementor-widget elementor-widget-text-editor\" data-id=\"bed4adb\" data-element_type=\"widget\" data-widget_type=\"text-editor.default\">\n\t\t\t\t<div class=\"elementor-widget-container\">\n\t\t\t\t\t\t\t\t<div class=\"elementor-text-editor elementor-clearfix\">\n\t\t\t\t<p><em>Naci\u00f3 el 9 de febrero de 1967 en Buenos Aires.<\/em><\/p><p><em>Egres\u00f3 del Colegio Los Molinos en el a\u00f1o 1984 como bachiller y de la Universidad de Buenos Aires en 1992 con el t\u00edtulo de abogado.<\/em><\/p><p><em>Desde 1992 hasta la fecha se desempe\u00f1\u00f3 como abogado en el estudio MARTIN &amp; MIGUENS ABOGADOS del cual es socio en la actualidad.<\/em><\/p><p><em>Entre 1993 y 2001 tambi\u00e9n se desempe\u00f1\u00f3 en el Departamento de Asuntos Legales de Glencore Cereales S.A.<\/em><\/p><p><em>Durante el a\u00f1o 1991 trabaj\u00f3 en el Estudio Solanet, Moreno Hueyo, Di Paola y Castro.<\/em><\/p><p><em>Se encuentra matriculado en el Colegio P\u00fablico de Abogados de la Capital Federal y en el Departamento Judicial de San Isidro, Provincia de Buenos Aires y es socio de la Corporaci\u00f3n de Abogados Cat\u00f3licos San Alfonso M. de Ligorio.<\/em><\/p><p><em>Ha participado del XXI Programa de Entrenamiento para Abogados de la Escuela de Abogac\u00eda de Buenos Aires, donde obtuvo diploma en 1992. Asimismo ha participado en diversos cursos y seminarios en \u00e1reas de su especialidad.<\/em><\/p><p><em>Socio actual del Estudio de Abogados, Mart\u00edn y Miguens.<\/em><\/p>\t\t\t\t\t<\/div>\n\t\t\t\t\t\t<\/div>\n\t\t\t\t<\/div>\n\t\t\t\t\t\t<\/div>\n\t\t\t\t\t<\/div>\n\t\t<\/div>\n\t\t\t\t\t\t\t\t<\/div>\n\t\t\t\t\t<\/div>\n\t\t<\/section>\n\t\t\t\t\t\t\t\t\t<\/div>\n\t\t\t<\/div>\n\t\t\t\t\t<\/div>\n\t\t","protected":false},"excerpt":{"rendered":"<p>Mat\u00edas M. Llorente Naci\u00f3 el 9 de febrero de 1967 en Buenos Aires. Egres\u00f3 del Colegio Los Molinos en el a\u00f1o 1984 como bachiller y de la Universidad de Buenos Aires en 1992 con el t\u00edtulo de abogado. Desde 1992 hasta la fecha se desempe\u00f1\u00f3 como abogado en el estudio MARTIN &amp; MIGUENS ABOGADOS del &hellip;<\/p>\n<p class=\"read-more\"> <a class=\"\" href=\"https:\/\/martinymiguens.com.ar\/index.php\/matias-m-llorente\/\"> <span class=\"screen-reader-text\">Matias M. Llorente<\/span> Leer m\u00e1s &raquo;<\/a><\/p>\n","protected":false},"author":1,"featured_media":0,"parent":0,"menu_order":0,"comment_status":"closed","ping_status":"closed","template":"","meta":{"site-sidebar-layout":"no-sidebar","site-content-layout":"page-builder","ast-global-header-display":"","ast-main-header-display":"","ast-hfb-above-header-display":"","ast-hfb-below-header-display":"","ast-hfb-mobile-header-display":"","site-post-title":"disabled","ast-breadcrumbs-content":"","ast-featured-img":"disabled","footer-sml-layout":"","theme-transparent-header-meta":"","adv-header-id-meta":"","stick-header-meta":"","header-above-stick-meta":"","header-main-stick-meta":"","header-below-stick-meta":""},"yoast_head":"<!-- This site is optimized with the Yoast SEO plugin v19.4 - https:\/\/yoast.com\/wordpress\/plugins\/seo\/ -->\r\n<title>Matias M. Llorente - Martin y Miguens Abogados<\/title>\r\n<meta name=\"description\" content=\"Naci\u00f3 el 9 de febrero de 1967 en Buenos Aires.Egres\u00f3 del Colegio Los Molinos en el a\u00f1o 1984 como bachiller y de la Universidad de Buenos Aires en 1992 con el t\u00edtulo de abogado.Desde 1992 hasta la fecha se desempe\u00f1\u00f3 como abogado en el estudio MARTIN &amp; MIGUENS ABOGADOS del cual es socio en la actualidad.Entre 1993 y 2001 tambi\u00e9n se desempe\u00f1\u00f3 en el Departamento de Asuntos Legales de Glencore Cereales S.A.Durante el a\u00f1o 1991 trabaj\u00f3 en el Estudio Solanet, Moreno Hueyo, Di Paola y Castro.Se encuentra matriculado en el Colegio P\u00fablico de Abogados de la Capital Federal y en el Departamento Judicial de San Isidro, Provincia de Buenos Aires y es socio de la Corporaci\u00f3n de Abogados Cat\u00f3licos San Alfonso M. de Ligorio.Ha participado del XXI Programa de Entrenamiento para Abogados de la Escuela de Abogac\u00eda de Buenos Aires, donde obtuvo diploma en 1992. Asimismo ha participado en diversos cursos y seminarios en \u00e1reas de su especialidad. Particip\u00f3 en la conformaci\u00f3n del Estudio Dedicado a Miner\u00eda y Petr\u00f3leo, denominado De Pablos y Asociados. Fue Profesor Adjunto de la C\u00e1tedra de Derecho Minero de la Universidad de Belgrano.Socio fundador de las Revistas Actividad Minera en Argentina , y Latinominer\u00eda editada en Chile. Miembro de la Uni\u00f3n Minera Argentina y de la C\u00e1mara de Miner\u00eda de Argentina , CAEM. Socio Fundador del Mining Investment in Argentina. Participe de innumerables congresos Mineros, en Australia, Europa, Estados Unidos, Canad\u00e1, Per\u00fa, Chile , Brasil y Argentina. Asiduo participe de los mercados de Capital, especialmente en Vancouver y Toronto, Canad\u00e1. Socio actual del Estudio de Abogados, Mart\u00edn y Miguens.\" \/>\r\n<meta name=\"robots\" content=\"index, follow, max-snippet:-1, max-image-preview:large, max-video-preview:-1\" \/>\r\n<link rel=\"canonical\" href=\"https:\/\/martinymiguens.com.ar\/index.php\/matias-m-llorente\/\" \/>\r\n<meta property=\"og:locale\" content=\"es_ES\" \/>\r\n<meta property=\"og:type\" content=\"article\" \/>\r\n<meta property=\"og:title\" content=\"Matias M. Llorente - Martin y Miguens Abogados\" \/>\r\n<meta property=\"og:description\" content=\"Naci\u00f3 el 9 de febrero de 1967 en Buenos Aires.Egres\u00f3 del Colegio Los Molinos en el a\u00f1o 1984 como bachiller y de la Universidad de Buenos Aires en 1992 con el t\u00edtulo de abogado.Desde 1992 hasta la fecha se desempe\u00f1\u00f3 como abogado en el estudio MARTIN &amp; MIGUENS ABOGADOS del cual es socio en la actualidad.Entre 1993 y 2001 tambi\u00e9n se desempe\u00f1\u00f3 en el Departamento de Asuntos Legales de Glencore Cereales S.A.Durante el a\u00f1o 1991 trabaj\u00f3 en el Estudio Solanet, Moreno Hueyo, Di Paola y Castro.Se encuentra matriculado en el Colegio P\u00fablico de Abogados de la Capital Federal y en el Departamento Judicial de San Isidro, Provincia de Buenos Aires y es socio de la Corporaci\u00f3n de Abogados Cat\u00f3licos San Alfonso M. de Ligorio.Ha participado del XXI Programa de Entrenamiento para Abogados de la Escuela de Abogac\u00eda de Buenos Aires, donde obtuvo diploma en 1992. Asimismo ha participado en diversos cursos y seminarios en \u00e1reas de su especialidad. Particip\u00f3 en la conformaci\u00f3n del Estudio Dedicado a Miner\u00eda y Petr\u00f3leo, denominado De Pablos y Asociados. Fue Profesor Adjunto de la C\u00e1tedra de Derecho Minero de la Universidad de Belgrano.Socio fundador de las Revistas Actividad Minera en Argentina , y Latinominer\u00eda editada en Chile. Miembro de la Uni\u00f3n Minera Argentina y de la C\u00e1mara de Miner\u00eda de Argentina , CAEM. Socio Fundador del Mining Investment in Argentina. Participe de innumerables congresos Mineros, en Australia, Europa, Estados Unidos, Canad\u00e1, Per\u00fa, Chile , Brasil y Argentina. Asiduo participe de los mercados de Capital, especialmente en Vancouver y Toronto, Canad\u00e1. Socio actual del Estudio de Abogados, Mart\u00edn y Miguens.\" \/>\r\n<meta property=\"og:url\" content=\"https:\/\/martinymiguens.com.ar\/index.php\/matias-m-llorente\/\" \/>\r\n<meta property=\"og:site_name\" content=\"Martin y Miguens Abogados\" \/>\r\n<meta property=\"article:modified_time\" content=\"2022-12-17T16:07:48+00:00\" \/>\r\n<meta property=\"og:image\" content=\"https:\/\/martinymiguens.com.ar\/wp-content\/uploads\/2022\/07\/mm-llorente-profile-300x300.jpg\" \/>\r\n<meta name=\"twitter:card\" content=\"summary_large_image\" \/>\r\n<meta name=\"twitter:label1\" content=\"Tiempo de lectura\" \/>\n\t<meta name=\"twitter:data1\" content=\"2 minutos\" \/>\r\n<script type=\"application\/ld+json\" class=\"yoast-schema-graph\">{\"@context\":\"https:\/\/schema.org\",\"@graph\":[{\"@type\":\"Organization\",\"@id\":\"https:\/\/martinymiguens.com.ar\/#organization\",\"name\":\"Martin y Miguens Abogados\",\"url\":\"https:\/\/martinymiguens.com.ar\/\",\"sameAs\":[],\"logo\":{\"@type\":\"ImageObject\",\"inLanguage\":\"es\",\"@id\":\"https:\/\/martinymiguens.com.ar\/#\/schema\/logo\/image\/\",\"url\":\"https:\/\/martinymiguens.com.ar\/wp-content\/uploads\/2020\/07\/logo-principal-grande-1.png\",\"contentUrl\":\"https:\/\/martinymiguens.com.ar\/wp-content\/uploads\/2020\/07\/logo-principal-grande-1.png\",\"width\":734,\"height\":204,\"caption\":\"Martin y Miguens Abogados\"},\"image\":{\"@id\":\"https:\/\/martinymiguens.com.ar\/#\/schema\/logo\/image\/\"}},{\"@type\":\"WebSite\",\"@id\":\"https:\/\/martinymiguens.com.ar\/#website\",\"url\":\"https:\/\/martinymiguens.com.ar\/\",\"name\":\"Martin y Miguens Abogados\",\"description\":\"MyM\",\"publisher\":{\"@id\":\"https:\/\/martinymiguens.com.ar\/#organization\"},\"potentialAction\":[{\"@type\":\"SearchAction\",\"target\":{\"@type\":\"EntryPoint\",\"urlTemplate\":\"https:\/\/martinymiguens.com.ar\/?s={search_term_string}\"},\"query-input\":\"required name=search_term_string\"}],\"inLanguage\":\"es\"},{\"@type\":\"WebPage\",\"@id\":\"https:\/\/martinymiguens.com.ar\/index.php\/matias-m-llorente\/\",\"url\":\"https:\/\/martinymiguens.com.ar\/index.php\/matias-m-llorente\/\",\"name\":\"Matias M. Llorente - Martin y Miguens Abogados\",\"isPartOf\":{\"@id\":\"https:\/\/martinymiguens.com.ar\/#website\"},\"datePublished\":\"2022-07-28T19:06:13+00:00\",\"dateModified\":\"2022-12-17T16:07:48+00:00\",\"description\":\"Naci\u00f3 el 9 de febrero de 1967 en Buenos Aires.Egres\u00f3 del Colegio Los Molinos en el a\u00f1o 1984 como bachiller y de la Universidad de Buenos Aires en 1992 con el t\u00edtulo de abogado.Desde 1992 hasta la fecha se desempe\u00f1\u00f3 como abogado en el estudio MARTIN & MIGUENS ABOGADOS del cual es socio en la actualidad.Entre 1993 y 2001 tambi\u00e9n se desempe\u00f1\u00f3 en el Departamento de Asuntos Legales de Glencore Cereales S.A.Durante el a\u00f1o 1991 trabaj\u00f3 en el Estudio Solanet, Moreno Hueyo, Di Paola y Castro.Se encuentra matriculado en el Colegio P\u00fablico de Abogados de la Capital Federal y en el Departamento Judicial de San Isidro, Provincia de Buenos Aires y es socio de la Corporaci\u00f3n de Abogados Cat\u00f3licos San Alfonso M. de Ligorio.Ha participado del XXI Programa de Entrenamiento para Abogados de la Escuela de Abogac\u00eda de Buenos Aires, donde obtuvo diploma en 1992. Asimismo ha participado en diversos cursos y seminarios en \u00e1reas de su especialidad. Particip\u00f3 en la conformaci\u00f3n del Estudio Dedicado a Miner\u00eda y Petr\u00f3leo, denominado De Pablos y Asociados. Fue Profesor Adjunto de la C\u00e1tedra de Derecho Minero de la Universidad de Belgrano.Socio fundador de las Revistas Actividad Minera en Argentina , y Latinominer\u00eda editada en Chile. Miembro de la Uni\u00f3n Minera Argentina y de la C\u00e1mara de Miner\u00eda de Argentina , CAEM. Socio Fundador del Mining Investment in Argentina. Participe de innumerables congresos Mineros, en Australia, Europa, Estados Unidos, Canad\u00e1, Per\u00fa, Chile , Brasil y Argentina. Asiduo participe de los mercados de Capital, especialmente en Vancouver y Toronto, Canad\u00e1. Socio actual del Estudio de Abogados, Mart\u00edn y Miguens.\",\"breadcrumb\":{\"@id\":\"https:\/\/martinymiguens.com.ar\/index.php\/matias-m-llorente\/#breadcrumb\"},\"inLanguage\":\"es\",\"potentialAction\":[{\"@type\":\"ReadAction\",\"target\":[\"https:\/\/martinymiguens.com.ar\/index.php\/matias-m-llorente\/\"]}]},{\"@type\":\"BreadcrumbList\",\"@id\":\"https:\/\/martinymiguens.com.ar\/index.php\/matias-m-llorente\/#breadcrumb\",\"itemListElement\":[{\"@type\":\"ListItem\",\"position\":1,\"name\":\"Portada\",\"item\":\"https:\/\/martinymiguens.com.ar\/\"},{\"@type\":\"ListItem\",\"position\":2,\"name\":\"Matias M. Llorente\"}]}]}<\/script>\r\n<!-- \/ Yoast SEO plugin. -->","yoast_head_json":{"title":"Matias M. Llorente - Martin y Miguens Abogados","description":"Naci\u00f3 el 9 de febrero de 1967 en Buenos Aires.Egres\u00f3 del Colegio Los Molinos en el a\u00f1o 1984 como bachiller y de la Universidad de Buenos Aires en 1992 con el t\u00edtulo de abogado.Desde 1992 hasta la fecha se desempe\u00f1\u00f3 como abogado en el estudio MARTIN & MIGUENS ABOGADOS del cual es socio en la actualidad.Entre 1993 y 2001 tambi\u00e9n se desempe\u00f1\u00f3 en el Departamento de Asuntos Legales de Glencore Cereales S.A.Durante el a\u00f1o 1991 trabaj\u00f3 en el Estudio Solanet, Moreno Hueyo, Di Paola y Castro.Se encuentra matriculado en el Colegio P\u00fablico de Abogados de la Capital Federal y en el Departamento Judicial de San Isidro, Provincia de Buenos Aires y es socio de la Corporaci\u00f3n de Abogados Cat\u00f3licos San Alfonso M. de Ligorio.Ha participado del XXI Programa de Entrenamiento para Abogados de la Escuela de Abogac\u00eda de Buenos Aires, donde obtuvo diploma en 1992. Asimismo ha participado en diversos cursos y seminarios en \u00e1reas de su especialidad. Particip\u00f3 en la conformaci\u00f3n del Estudio Dedicado a Miner\u00eda y Petr\u00f3leo, denominado De Pablos y Asociados. Fue Profesor Adjunto de la C\u00e1tedra de Derecho Minero de la Universidad de Belgrano.Socio fundador de las Revistas Actividad Minera en Argentina , y Latinominer\u00eda editada en Chile. Miembro de la Uni\u00f3n Minera Argentina y de la C\u00e1mara de Miner\u00eda de Argentina , CAEM. Socio Fundador del Mining Investment in Argentina. Participe de innumerables congresos Mineros, en Australia, Europa, Estados Unidos, Canad\u00e1, Per\u00fa, Chile , Brasil y Argentina. Asiduo participe de los mercados de Capital, especialmente en Vancouver y Toronto, Canad\u00e1. Socio actual del Estudio de Abogados, Mart\u00edn y Miguens.","robots":{"index":"index","follow":"follow","max-snippet":"max-snippet:-1","max-image-preview":"max-image-preview:large","max-video-preview":"max-video-preview:-1"},"canonical":"https:\/\/martinymiguens.com.ar\/index.php\/matias-m-llorente\/","og_locale":"es_ES","og_type":"article","og_title":"Matias M. Llorente - Martin y Miguens Abogados","og_description":"Naci\u00f3 el 9 de febrero de 1967 en Buenos Aires.Egres\u00f3 del Colegio Los Molinos en el a\u00f1o 1984 como bachiller y de la Universidad de Buenos Aires en 1992 con el t\u00edtulo de abogado.Desde 1992 hasta la fecha se desempe\u00f1\u00f3 como abogado en el estudio MARTIN & MIGUENS ABOGADOS del cual es socio en la actualidad.Entre 1993 y 2001 tambi\u00e9n se desempe\u00f1\u00f3 en el Departamento de Asuntos Legales de Glencore Cereales S.A.Durante el a\u00f1o 1991 trabaj\u00f3 en el Estudio Solanet, Moreno Hueyo, Di Paola y Castro.Se encuentra matriculado en el Colegio P\u00fablico de Abogados de la Capital Federal y en el Departamento Judicial de San Isidro, Provincia de Buenos Aires y es socio de la Corporaci\u00f3n de Abogados Cat\u00f3licos San Alfonso M. de Ligorio.Ha participado del XXI Programa de Entrenamiento para Abogados de la Escuela de Abogac\u00eda de Buenos Aires, donde obtuvo diploma en 1992. Asimismo ha participado en diversos cursos y seminarios en \u00e1reas de su especialidad. Particip\u00f3 en la conformaci\u00f3n del Estudio Dedicado a Miner\u00eda y Petr\u00f3leo, denominado De Pablos y Asociados. Fue Profesor Adjunto de la C\u00e1tedra de Derecho Minero de la Universidad de Belgrano.Socio fundador de las Revistas Actividad Minera en Argentina , y Latinominer\u00eda editada en Chile. Miembro de la Uni\u00f3n Minera Argentina y de la C\u00e1mara de Miner\u00eda de Argentina , CAEM. Socio Fundador del Mining Investment in Argentina. Participe de innumerables congresos Mineros, en Australia, Europa, Estados Unidos, Canad\u00e1, Per\u00fa, Chile , Brasil y Argentina. Asiduo participe de los mercados de Capital, especialmente en Vancouver y Toronto, Canad\u00e1. Socio actual del Estudio de Abogados, Mart\u00edn y Miguens.","og_url":"https:\/\/martinymiguens.com.ar\/index.php\/matias-m-llorente\/","og_site_name":"Martin y Miguens Abogados","article_modified_time":"2022-12-17T16:07:48+00:00","og_image":[{"url":"https:\/\/martinymiguens.com.ar\/wp-content\/uploads\/2022\/07\/mm-llorente-profile-300x300.jpg"}],"twitter_card":"summary_large_image","twitter_misc":{"Tiempo de lectura":"2 minutos"},"schema":{"@context":"https:\/\/schema.org","@graph":[{"@type":"Organization","@id":"https:\/\/martinymiguens.com.ar\/#organization","name":"Martin y Miguens Abogados","url":"https:\/\/martinymiguens.com.ar\/","sameAs":[],"logo":{"@type":"ImageObject","inLanguage":"es","@id":"https:\/\/martinymiguens.com.ar\/#\/schema\/logo\/image\/","url":"https:\/\/martinymiguens.com.ar\/wp-content\/uploads\/2020\/07\/logo-principal-grande-1.png","contentUrl":"https:\/\/martinymiguens.com.ar\/wp-content\/uploads\/2020\/07\/logo-principal-grande-1.png","width":734,"height":204,"caption":"Martin y Miguens Abogados"},"image":{"@id":"https:\/\/martinymiguens.com.ar\/#\/schema\/logo\/image\/"}},{"@type":"WebSite","@id":"https:\/\/martinymiguens.com.ar\/#website","url":"https:\/\/martinymiguens.com.ar\/","name":"Martin y Miguens Abogados","description":"MyM","publisher":{"@id":"https:\/\/martinymiguens.com.ar\/#organization"},"potentialAction":[{"@type":"SearchAction","target":{"@type":"EntryPoint","urlTemplate":"https:\/\/martinymiguens.com.ar\/?s={search_term_string}"},"query-input":"required name=search_term_string"}],"inLanguage":"es"},{"@type":"WebPage","@id":"https:\/\/martinymiguens.com.ar\/index.php\/matias-m-llorente\/","url":"https:\/\/martinymiguens.com.ar\/index.php\/matias-m-llorente\/","name":"Matias M. Llorente - Martin y Miguens Abogados","isPartOf":{"@id":"https:\/\/martinymiguens.com.ar\/#website"},"datePublished":"2022-07-28T19:06:13+00:00","dateModified":"2022-12-17T16:07:48+00:00","description":"Naci\u00f3 el 9 de febrero de 1967 en Buenos Aires.Egres\u00f3 del Colegio Los Molinos en el a\u00f1o 1984 como bachiller y de la Universidad de Buenos Aires en 1992 con el t\u00edtulo de abogado.Desde 1992 hasta la fecha se desempe\u00f1\u00f3 como abogado en el estudio MARTIN & MIGUENS ABOGADOS del cual es socio en la actualidad.Entre 1993 y 2001 tambi\u00e9n se desempe\u00f1\u00f3 en el Departamento de Asuntos Legales de Glencore Cereales S.A.Durante el a\u00f1o 1991 trabaj\u00f3 en el Estudio Solanet, Moreno Hueyo, Di Paola y Castro.Se encuentra matriculado en el Colegio P\u00fablico de Abogados de la Capital Federal y en el Departamento Judicial de San Isidro, Provincia de Buenos Aires y es socio de la Corporaci\u00f3n de Abogados Cat\u00f3licos San Alfonso M. de Ligorio.Ha participado del XXI Programa de Entrenamiento para Abogados de la Escuela de Abogac\u00eda de Buenos Aires, donde obtuvo diploma en 1992. Asimismo ha participado en diversos cursos y seminarios en \u00e1reas de su especialidad. Particip\u00f3 en la conformaci\u00f3n del Estudio Dedicado a Miner\u00eda y Petr\u00f3leo, denominado De Pablos y Asociados. Fue Profesor Adjunto de la C\u00e1tedra de Derecho Minero de la Universidad de Belgrano.Socio fundador de las Revistas Actividad Minera en Argentina , y Latinominer\u00eda editada en Chile. Miembro de la Uni\u00f3n Minera Argentina y de la C\u00e1mara de Miner\u00eda de Argentina , CAEM. Socio Fundador del Mining Investment in Argentina. Participe de innumerables congresos Mineros, en Australia, Europa, Estados Unidos, Canad\u00e1, Per\u00fa, Chile , Brasil y Argentina. Asiduo participe de los mercados de Capital, especialmente en Vancouver y Toronto, Canad\u00e1. Socio actual del Estudio de Abogados, Mart\u00edn y Miguens.","breadcrumb":{"@id":"https:\/\/martinymiguens.com.ar\/index.php\/matias-m-llorente\/#breadcrumb"},"inLanguage":"es","potentialAction":[{"@type":"ReadAction","target":["https:\/\/martinymiguens.com.ar\/index.php\/matias-m-llorente\/"]}]},{"@type":"BreadcrumbList","@id":"https:\/\/martinymiguens.com.ar\/index.php\/matias-m-llorente\/#breadcrumb","itemListElement":[{"@type":"ListItem","position":1,"name":"Portada","item":"https:\/\/martinymiguens.com.ar\/"},{"@type":"ListItem","position":2,"name":"Matias M. Llorente"}]}]}},"_links":{"self":[{"href":"https:\/\/martinymiguens.com.ar\/index.php\/wp-json\/wp\/v2\/pages\/1786"}],"collection":[{"href":"https:\/\/martinymiguens.com.ar\/index.php\/wp-json\/wp\/v2\/pages"}],"about":[{"href":"https:\/\/martinymiguens.com.ar\/index.php\/wp-json\/wp\/v2\/types\/page"}],"author":[{"embeddable":true,"href":"https:\/\/martinymiguens.com.ar\/index.php\/wp-json\/wp\/v2\/users\/1"}],"replies":[{"embeddable":true,"href":"https:\/\/martinymiguens.com.ar\/index.php\/wp-json\/wp\/v2\/comments?post=1786"}],"version-history":[{"count":9,"href":"https:\/\/martinymiguens.com.ar\/index.php\/wp-json\/wp\/v2\/pages\/1786\/revisions"}],"predecessor-version":[{"id":1928,"href":"https:\/\/martinymiguens.com.ar\/index.php\/wp-json\/wp\/v2\/pages\/1786\/revisions\/1928"}],"wp:attachment":[{"href":"https:\/\/martinymiguens.com.ar\/index.php\/wp-json\/wp\/v2\/media?parent=1786"}],"curies":[{"name":"wp","href":"https:\/\/api.w.org\/{rel}","templated":true}]}}