{"id":1780,"date":"2022-07-28T18:56:25","date_gmt":"2022-07-28T18:56:25","guid":{"rendered":"https:\/\/martinymiguens.com.ar\/?page_id=1780"},"modified":"2022-08-08T16:18:38","modified_gmt":"2022-08-08T16:18:38","slug":"mario-de-pablos","status":"publish","type":"page","link":"https:\/\/martinymiguens.com.ar\/index.php\/mario-de-pablos\/","title":{"rendered":"Mario de Pablos"},"content":{"rendered":"\t\t<div data-elementor-type=\"wp-page\" data-elementor-id=\"1780\" class=\"elementor elementor-1780\">\n\t\t\t\t\t\t<div class=\"elementor-inner\">\n\t\t\t\t<div class=\"elementor-section-wrap\">\n\t\t\t\t\t\t\t\t\t<section class=\"elementor-section elementor-top-section elementor-element elementor-element-e022f98 elementor-section-boxed elementor-section-height-default elementor-section-height-default\" data-id=\"e022f98\" data-element_type=\"section\" data-settings=\"{&quot;background_background&quot;:&quot;classic&quot;}\">\n\t\t\t\t\t\t<div class=\"elementor-container elementor-column-gap-no\">\n\t\t\t\t\t\t\t<div class=\"elementor-row\">\n\t\t\t\t\t<div class=\"elementor-column elementor-col-100 elementor-top-column elementor-element elementor-element-39d6ae9\" data-id=\"39d6ae9\" data-element_type=\"column\">\n\t\t\t<div class=\"elementor-column-wrap elementor-element-populated\">\n\t\t\t\t\t\t\t<div class=\"elementor-widget-wrap\">\n\t\t\t\t\t\t<div class=\"elementor-element elementor-element-d9f6d80 elementor-widget elementor-widget-heading\" data-id=\"d9f6d80\" data-element_type=\"widget\" data-widget_type=\"heading.default\">\n\t\t\t\t<div class=\"elementor-widget-container\">\n\t\t\t<h1 class=\"elementor-heading-title elementor-size-default\">Mario de Pablos<\/h1>\t\t<\/div>\n\t\t\t\t<\/div>\n\t\t\t\t\t\t<\/div>\n\t\t\t\t\t<\/div>\n\t\t<\/div>\n\t\t\t\t\t\t\t\t<\/div>\n\t\t\t\t\t<\/div>\n\t\t<\/section>\n\t\t\t\t<section class=\"elementor-section elementor-top-section elementor-element elementor-element-67f8c13 elementor-section-content-middle elementor-section-boxed elementor-section-height-default elementor-section-height-default\" data-id=\"67f8c13\" data-element_type=\"section\" data-settings=\"{&quot;background_background&quot;:&quot;classic&quot;}\">\n\t\t\t\t\t\t\t<div class=\"elementor-background-overlay\"><\/div>\n\t\t\t\t\t\t\t<div class=\"elementor-container elementor-column-gap-no\">\n\t\t\t\t\t\t\t<div class=\"elementor-row\">\n\t\t\t\t\t<div class=\"elementor-column elementor-col-100 elementor-top-column elementor-element elementor-element-fd97117\" data-id=\"fd97117\" data-element_type=\"column\">\n\t\t\t<div class=\"elementor-column-wrap elementor-element-populated\">\n\t\t\t\t\t\t\t<div class=\"elementor-widget-wrap\">\n\t\t\t\t\t\t<div class=\"elementor-element elementor-element-13b4b91 elementor-widget elementor-widget-image\" data-id=\"13b4b91\" data-element_type=\"widget\" data-widget_type=\"image.default\">\n\t\t\t\t<div class=\"elementor-widget-container\">\n\t\t\t\t\t\t\t\t<div class=\"elementor-image\">\n\t\t\t\t\t\t\t\t\t\t\t\t<img width=\"300\" height=\"300\" src=\"https:\/\/martinymiguens.com.ar\/wp-content\/uploads\/2022\/07\/mariode-pablos-profile-300x300.jpg\" class=\"attachment-medium size-medium\" alt=\"\" loading=\"lazy\" srcset=\"https:\/\/martinymiguens.com.ar\/wp-content\/uploads\/2022\/07\/mariode-pablos-profile-300x300.jpg 300w, https:\/\/martinymiguens.com.ar\/wp-content\/uploads\/2022\/07\/mariode-pablos-profile-150x150.jpg 150w, https:\/\/martinymiguens.com.ar\/wp-content\/uploads\/2022\/07\/mariode-pablos-profile-144x144.jpg 144w, https:\/\/martinymiguens.com.ar\/wp-content\/uploads\/2022\/07\/mariode-pablos-profile.jpg 650w\" sizes=\"(max-width: 300px) 100vw, 300px\" \/>\t\t\t\t\t\t\t\t\t\t\t\t\t\t<\/div>\n\t\t\t\t\t\t<\/div>\n\t\t\t\t<\/div>\n\t\t\t\t<div class=\"elementor-element elementor-element-b42348b elementor-widget elementor-widget-text-editor\" data-id=\"b42348b\" data-element_type=\"widget\" data-widget_type=\"text-editor.default\">\n\t\t\t\t<div class=\"elementor-widget-container\">\n\t\t\t\t\t\t\t\t<div class=\"elementor-text-editor elementor-clearfix\">\n\t\t\t\t<p><em>Nacido en diciembre de 1949, curso sus estudios\u00a0 secundarios en el colegio Juan Martin de Pueyrred\u00f3n en la ciudad de Buenos Aires. Posteriormente curs\u00f3 sus estudios universitarios en la Ciudad de La Plata, egresando en el a\u00f1o 1973.<\/em><\/p><p><em>Particip\u00f3 en la conformaci\u00f3n del Estudio Dedicado a Miner\u00eda y Petr\u00f3leo, denominado De Pablos y Asociados.<\/em><\/p><p><em>Fue Profesor Adjunto de la C\u00e1tedra de Derecho Minero de la Universidad de Belgrano.<\/em><\/p><p><em>Socio fundador de las Revistas Actividad Minera en Argentina , y Latinominer\u00eda\u00a0editada en Chile.<\/em><\/p><p><em>Miembro de la Uni\u00f3n Minera Argentina y de la C\u00e1mara de Miner\u00eda\u00a0de Argentina , CAEM.<\/em><\/p><p><em>Socio\u00a0 Fundador del Mining Investment in Argentina.<\/em><\/p><p><em>Participe de innumerables congresos Mineros, en Australia, Europa, Estados Unidos, Canad\u00e1,\u00a0 Per\u00fa, Chile , Brasil y Argentina. Asiduo participe de los mercados de Capital, especialmente en Vancouver y Toronto, Canad\u00e1.<\/em><\/p><p><em>Socio actual del Estudio de Abogados, Mart\u00edn y Miguens.<\/em><\/p>\t\t\t\t\t<\/div>\n\t\t\t\t\t\t<\/div>\n\t\t\t\t<\/div>\n\t\t\t\t\t\t<\/div>\n\t\t\t\t\t<\/div>\n\t\t<\/div>\n\t\t\t\t\t\t\t\t<\/div>\n\t\t\t\t\t<\/div>\n\t\t<\/section>\n\t\t\t\t\t\t\t\t\t<\/div>\n\t\t\t<\/div>\n\t\t\t\t\t<\/div>\n\t\t","protected":false},"excerpt":{"rendered":"<p>Mario de Pablos Nacido en diciembre de 1949, curso sus estudios&nbsp; secundarios en el colegio Juan Martin de Pueyrred\u00f3n en la ciudad de Buenos Aires. Posteriormente curs\u00f3 sus estudios universitarios en la Ciudad de La Plata, egresando en el a\u00f1o 1973. Particip\u00f3 en la conformaci\u00f3n del Estudio Dedicado a Miner\u00eda y Petr\u00f3leo, denominado De Pablos &hellip;<\/p>\n<p class=\"read-more\"> <a class=\"\" href=\"https:\/\/martinymiguens.com.ar\/index.php\/mario-de-pablos\/\"> <span class=\"screen-reader-text\">Mario de Pablos<\/span> Leer m\u00e1s &raquo;<\/a><\/p>\n","protected":false},"author":1,"featured_media":0,"parent":0,"menu_order":0,"comment_status":"closed","ping_status":"closed","template":"","meta":{"site-sidebar-layout":"no-sidebar","site-content-layout":"page-builder","ast-global-header-display":"","ast-main-header-display":"","ast-hfb-above-header-display":"","ast-hfb-below-header-display":"","ast-hfb-mobile-header-display":"","site-post-title":"disabled","ast-breadcrumbs-content":"","ast-featured-img":"disabled","footer-sml-layout":"","theme-transparent-header-meta":"","adv-header-id-meta":"","stick-header-meta":"","header-above-stick-meta":"","header-main-stick-meta":"","header-below-stick-meta":""},"yoast_head":"<!-- This site is optimized with the Yoast SEO plugin v19.4 - https:\/\/yoast.com\/wordpress\/plugins\/seo\/ -->\r\n<title>Mario de Pablos - Martin y Miguens Abogados<\/title>\r\n<meta name=\"description\" content=\"Nacido en diciembre de 1949, curso sus estudios secundarios en el colegio Juan Martin de Pueyrred\u00f3n en la ciudad de Buenos Aires. Posteriormente curs\u00f3 sus estudios universitarios en la Ciudad de La Plata, egresando en el a\u00f1o 1973.Particip\u00f3 en la conformaci\u00f3n del Estudio Dedicado a Miner\u00eda y Petr\u00f3leo, denominado De Pablos y Asociados. Fue Profesor Adjunto de la C\u00e1tedra de Derecho Minero de la Universidad de Belgrano. Socio fundador de las Revistas Actividad Minera en Argentina , y Latinominer\u00eda editada en Chile. Miembro de la Uni\u00f3n Minera Argentina y de la C\u00e1mara de Miner\u00eda de Argentina , CAEM. Socio Fundador del Mining Investment in Argentina. Participe de innumerables congresos Mineros, en Australia, Europa, Estados Unidos, Canad\u00e1, Per\u00fa, Chile , Brasil y Argentina. Asiduo participe de los mercados de Capital, especialmente en Vancouver y Toronto, Canad\u00e1. Socio actual del Estudio de Abogados, Mart\u00edn y Miguens.\" \/>\r\n<meta name=\"robots\" content=\"index, follow, max-snippet:-1, max-image-preview:large, max-video-preview:-1\" \/>\r\n<link rel=\"canonical\" href=\"https:\/\/martinymiguens.com.ar\/index.php\/mario-de-pablos\/\" \/>\r\n<meta property=\"og:locale\" content=\"es_ES\" \/>\r\n<meta property=\"og:type\" content=\"article\" \/>\r\n<meta property=\"og:title\" content=\"Mario de Pablos - Martin y Miguens Abogados\" \/>\r\n<meta property=\"og:description\" content=\"Nacido en diciembre de 1949, curso sus estudios secundarios en el colegio Juan Martin de Pueyrred\u00f3n en la ciudad de Buenos Aires. Posteriormente curs\u00f3 sus estudios universitarios en la Ciudad de La Plata, egresando en el a\u00f1o 1973.Particip\u00f3 en la conformaci\u00f3n del Estudio Dedicado a Miner\u00eda y Petr\u00f3leo, denominado De Pablos y Asociados. Fue Profesor Adjunto de la C\u00e1tedra de Derecho Minero de la Universidad de Belgrano. Socio fundador de las Revistas Actividad Minera en Argentina , y Latinominer\u00eda editada en Chile. Miembro de la Uni\u00f3n Minera Argentina y de la C\u00e1mara de Miner\u00eda de Argentina , CAEM. Socio Fundador del Mining Investment in Argentina. Participe de innumerables congresos Mineros, en Australia, Europa, Estados Unidos, Canad\u00e1, Per\u00fa, Chile , Brasil y Argentina. Asiduo participe de los mercados de Capital, especialmente en Vancouver y Toronto, Canad\u00e1. Socio actual del Estudio de Abogados, Mart\u00edn y Miguens.\" \/>\r\n<meta property=\"og:url\" content=\"https:\/\/martinymiguens.com.ar\/index.php\/mario-de-pablos\/\" \/>\r\n<meta property=\"og:site_name\" content=\"Martin y Miguens Abogados\" \/>\r\n<meta property=\"article:modified_time\" content=\"2022-08-08T16:18:38+00:00\" \/>\r\n<meta property=\"og:image\" content=\"https:\/\/martinymiguens.com.ar\/wp-content\/uploads\/2022\/07\/mariode-pablos-profile-300x300.jpg\" \/>\r\n<meta name=\"twitter:card\" content=\"summary_large_image\" \/>\r\n<meta name=\"twitter:label1\" content=\"Tiempo de lectura\" \/>\n\t<meta name=\"twitter:data1\" content=\"1 minuto\" \/>\r\n<script type=\"application\/ld+json\" class=\"yoast-schema-graph\">{\"@context\":\"https:\/\/schema.org\",\"@graph\":[{\"@type\":\"Organization\",\"@id\":\"https:\/\/martinymiguens.com.ar\/#organization\",\"name\":\"Martin y Miguens Abogados\",\"url\":\"https:\/\/martinymiguens.com.ar\/\",\"sameAs\":[],\"logo\":{\"@type\":\"ImageObject\",\"inLanguage\":\"es\",\"@id\":\"https:\/\/martinymiguens.com.ar\/#\/schema\/logo\/image\/\",\"url\":\"https:\/\/martinymiguens.com.ar\/wp-content\/uploads\/2020\/07\/logo-principal-grande-1.png\",\"contentUrl\":\"https:\/\/martinymiguens.com.ar\/wp-content\/uploads\/2020\/07\/logo-principal-grande-1.png\",\"width\":734,\"height\":204,\"caption\":\"Martin y Miguens Abogados\"},\"image\":{\"@id\":\"https:\/\/martinymiguens.com.ar\/#\/schema\/logo\/image\/\"}},{\"@type\":\"WebSite\",\"@id\":\"https:\/\/martinymiguens.com.ar\/#website\",\"url\":\"https:\/\/martinymiguens.com.ar\/\",\"name\":\"Martin y Miguens Abogados\",\"description\":\"MyM\",\"publisher\":{\"@id\":\"https:\/\/martinymiguens.com.ar\/#organization\"},\"potentialAction\":[{\"@type\":\"SearchAction\",\"target\":{\"@type\":\"EntryPoint\",\"urlTemplate\":\"https:\/\/martinymiguens.com.ar\/?s={search_term_string}\"},\"query-input\":\"required name=search_term_string\"}],\"inLanguage\":\"es\"},{\"@type\":\"WebPage\",\"@id\":\"https:\/\/martinymiguens.com.ar\/index.php\/mario-de-pablos\/\",\"url\":\"https:\/\/martinymiguens.com.ar\/index.php\/mario-de-pablos\/\",\"name\":\"Mario de Pablos - Martin y Miguens Abogados\",\"isPartOf\":{\"@id\":\"https:\/\/martinymiguens.com.ar\/#website\"},\"datePublished\":\"2022-07-28T18:56:25+00:00\",\"dateModified\":\"2022-08-08T16:18:38+00:00\",\"description\":\"Nacido en diciembre de 1949, curso sus estudios secundarios en el colegio Juan Martin de Pueyrred\u00f3n en la ciudad de Buenos Aires. Posteriormente curs\u00f3 sus estudios universitarios en la Ciudad de La Plata, egresando en el a\u00f1o 1973.Particip\u00f3 en la conformaci\u00f3n del Estudio Dedicado a Miner\u00eda y Petr\u00f3leo, denominado De Pablos y Asociados. Fue Profesor Adjunto de la C\u00e1tedra de Derecho Minero de la Universidad de Belgrano. Socio fundador de las Revistas Actividad Minera en Argentina , y Latinominer\u00eda editada en Chile. Miembro de la Uni\u00f3n Minera Argentina y de la C\u00e1mara de Miner\u00eda de Argentina , CAEM. Socio Fundador del Mining Investment in Argentina. Participe de innumerables congresos Mineros, en Australia, Europa, Estados Unidos, Canad\u00e1, Per\u00fa, Chile , Brasil y Argentina. Asiduo participe de los mercados de Capital, especialmente en Vancouver y Toronto, Canad\u00e1. Socio actual del Estudio de Abogados, Mart\u00edn y Miguens.\",\"breadcrumb\":{\"@id\":\"https:\/\/martinymiguens.com.ar\/index.php\/mario-de-pablos\/#breadcrumb\"},\"inLanguage\":\"es\",\"potentialAction\":[{\"@type\":\"ReadAction\",\"target\":[\"https:\/\/martinymiguens.com.ar\/index.php\/mario-de-pablos\/\"]}]},{\"@type\":\"BreadcrumbList\",\"@id\":\"https:\/\/martinymiguens.com.ar\/index.php\/mario-de-pablos\/#breadcrumb\",\"itemListElement\":[{\"@type\":\"ListItem\",\"position\":1,\"name\":\"Portada\",\"item\":\"https:\/\/martinymiguens.com.ar\/\"},{\"@type\":\"ListItem\",\"position\":2,\"name\":\"Mario de Pablos\"}]}]}<\/script>\r\n<!-- \/ Yoast SEO plugin. -->","yoast_head_json":{"title":"Mario de Pablos - Martin y Miguens Abogados","description":"Nacido en diciembre de 1949, curso sus estudios secundarios en el colegio Juan Martin de Pueyrred\u00f3n en la ciudad de Buenos Aires. Posteriormente curs\u00f3 sus estudios universitarios en la Ciudad de La Plata, egresando en el a\u00f1o 1973.Particip\u00f3 en la conformaci\u00f3n del Estudio Dedicado a Miner\u00eda y Petr\u00f3leo, denominado De Pablos y Asociados. Fue Profesor Adjunto de la C\u00e1tedra de Derecho Minero de la Universidad de Belgrano. Socio fundador de las Revistas Actividad Minera en Argentina , y Latinominer\u00eda editada en Chile. Miembro de la Uni\u00f3n Minera Argentina y de la C\u00e1mara de Miner\u00eda de Argentina , CAEM. Socio Fundador del Mining Investment in Argentina. Participe de innumerables congresos Mineros, en Australia, Europa, Estados Unidos, Canad\u00e1, Per\u00fa, Chile , Brasil y Argentina. Asiduo participe de los mercados de Capital, especialmente en Vancouver y Toronto, Canad\u00e1. Socio actual del Estudio de Abogados, Mart\u00edn y Miguens.","robots":{"index":"index","follow":"follow","max-snippet":"max-snippet:-1","max-image-preview":"max-image-preview:large","max-video-preview":"max-video-preview:-1"},"canonical":"https:\/\/martinymiguens.com.ar\/index.php\/mario-de-pablos\/","og_locale":"es_ES","og_type":"article","og_title":"Mario de Pablos - Martin y Miguens Abogados","og_description":"Nacido en diciembre de 1949, curso sus estudios secundarios en el colegio Juan Martin de Pueyrred\u00f3n en la ciudad de Buenos Aires. Posteriormente curs\u00f3 sus estudios universitarios en la Ciudad de La Plata, egresando en el a\u00f1o 1973.Particip\u00f3 en la conformaci\u00f3n del Estudio Dedicado a Miner\u00eda y Petr\u00f3leo, denominado De Pablos y Asociados. Fue Profesor Adjunto de la C\u00e1tedra de Derecho Minero de la Universidad de Belgrano. Socio fundador de las Revistas Actividad Minera en Argentina , y Latinominer\u00eda editada en Chile. Miembro de la Uni\u00f3n Minera Argentina y de la C\u00e1mara de Miner\u00eda de Argentina , CAEM. Socio Fundador del Mining Investment in Argentina. Participe de innumerables congresos Mineros, en Australia, Europa, Estados Unidos, Canad\u00e1, Per\u00fa, Chile , Brasil y Argentina. Asiduo participe de los mercados de Capital, especialmente en Vancouver y Toronto, Canad\u00e1. Socio actual del Estudio de Abogados, Mart\u00edn y Miguens.","og_url":"https:\/\/martinymiguens.com.ar\/index.php\/mario-de-pablos\/","og_site_name":"Martin y Miguens Abogados","article_modified_time":"2022-08-08T16:18:38+00:00","og_image":[{"url":"https:\/\/martinymiguens.com.ar\/wp-content\/uploads\/2022\/07\/mariode-pablos-profile-300x300.jpg"}],"twitter_card":"summary_large_image","twitter_misc":{"Tiempo de lectura":"1 minuto"},"schema":{"@context":"https:\/\/schema.org","@graph":[{"@type":"Organization","@id":"https:\/\/martinymiguens.com.ar\/#organization","name":"Martin y Miguens Abogados","url":"https:\/\/martinymiguens.com.ar\/","sameAs":[],"logo":{"@type":"ImageObject","inLanguage":"es","@id":"https:\/\/martinymiguens.com.ar\/#\/schema\/logo\/image\/","url":"https:\/\/martinymiguens.com.ar\/wp-content\/uploads\/2020\/07\/logo-principal-grande-1.png","contentUrl":"https:\/\/martinymiguens.com.ar\/wp-content\/uploads\/2020\/07\/logo-principal-grande-1.png","width":734,"height":204,"caption":"Martin y Miguens Abogados"},"image":{"@id":"https:\/\/martinymiguens.com.ar\/#\/schema\/logo\/image\/"}},{"@type":"WebSite","@id":"https:\/\/martinymiguens.com.ar\/#website","url":"https:\/\/martinymiguens.com.ar\/","name":"Martin y Miguens Abogados","description":"MyM","publisher":{"@id":"https:\/\/martinymiguens.com.ar\/#organization"},"potentialAction":[{"@type":"SearchAction","target":{"@type":"EntryPoint","urlTemplate":"https:\/\/martinymiguens.com.ar\/?s={search_term_string}"},"query-input":"required name=search_term_string"}],"inLanguage":"es"},{"@type":"WebPage","@id":"https:\/\/martinymiguens.com.ar\/index.php\/mario-de-pablos\/","url":"https:\/\/martinymiguens.com.ar\/index.php\/mario-de-pablos\/","name":"Mario de Pablos - Martin y Miguens Abogados","isPartOf":{"@id":"https:\/\/martinymiguens.com.ar\/#website"},"datePublished":"2022-07-28T18:56:25+00:00","dateModified":"2022-08-08T16:18:38+00:00","description":"Nacido en diciembre de 1949, curso sus estudios secundarios en el colegio Juan Martin de Pueyrred\u00f3n en la ciudad de Buenos Aires. Posteriormente curs\u00f3 sus estudios universitarios en la Ciudad de La Plata, egresando en el a\u00f1o 1973.Particip\u00f3 en la conformaci\u00f3n del Estudio Dedicado a Miner\u00eda y Petr\u00f3leo, denominado De Pablos y Asociados. Fue Profesor Adjunto de la C\u00e1tedra de Derecho Minero de la Universidad de Belgrano. Socio fundador de las Revistas Actividad Minera en Argentina , y Latinominer\u00eda editada en Chile. Miembro de la Uni\u00f3n Minera Argentina y de la C\u00e1mara de Miner\u00eda de Argentina , CAEM. Socio Fundador del Mining Investment in Argentina. Participe de innumerables congresos Mineros, en Australia, Europa, Estados Unidos, Canad\u00e1, Per\u00fa, Chile , Brasil y Argentina. Asiduo participe de los mercados de Capital, especialmente en Vancouver y Toronto, Canad\u00e1. Socio actual del Estudio de Abogados, Mart\u00edn y Miguens.","breadcrumb":{"@id":"https:\/\/martinymiguens.com.ar\/index.php\/mario-de-pablos\/#breadcrumb"},"inLanguage":"es","potentialAction":[{"@type":"ReadAction","target":["https:\/\/martinymiguens.com.ar\/index.php\/mario-de-pablos\/"]}]},{"@type":"BreadcrumbList","@id":"https:\/\/martinymiguens.com.ar\/index.php\/mario-de-pablos\/#breadcrumb","itemListElement":[{"@type":"ListItem","position":1,"name":"Portada","item":"https:\/\/martinymiguens.com.ar\/"},{"@type":"ListItem","position":2,"name":"Mario de Pablos"}]}]}},"_links":{"self":[{"href":"https:\/\/martinymiguens.com.ar\/index.php\/wp-json\/wp\/v2\/pages\/1780"}],"collection":[{"href":"https:\/\/martinymiguens.com.ar\/index.php\/wp-json\/wp\/v2\/pages"}],"about":[{"href":"https:\/\/martinymiguens.com.ar\/index.php\/wp-json\/wp\/v2\/types\/page"}],"author":[{"embeddable":true,"href":"https:\/\/martinymiguens.com.ar\/index.php\/wp-json\/wp\/v2\/users\/1"}],"replies":[{"embeddable":true,"href":"https:\/\/martinymiguens.com.ar\/index.php\/wp-json\/wp\/v2\/comments?post=1780"}],"version-history":[{"count":6,"href":"https:\/\/martinymiguens.com.ar\/index.php\/wp-json\/wp\/v2\/pages\/1780\/revisions"}],"predecessor-version":[{"id":1895,"href":"https:\/\/martinymiguens.com.ar\/index.php\/wp-json\/wp\/v2\/pages\/1780\/revisions\/1895"}],"wp:attachment":[{"href":"https:\/\/martinymiguens.com.ar\/index.php\/wp-json\/wp\/v2\/media?parent=1780"}],"curies":[{"name":"wp","href":"https:\/\/api.w.org\/{rel}","templated":true}]}}