{"id":1771,"date":"2022-07-28T18:42:38","date_gmt":"2022-07-28T18:42:38","guid":{"rendered":"https:\/\/martinymiguens.com.ar\/?page_id=1771"},"modified":"2022-08-08T16:17:04","modified_gmt":"2022-08-08T16:17:04","slug":"marcelo-r-lanus","status":"publish","type":"page","link":"https:\/\/martinymiguens.com.ar\/index.php\/marcelo-r-lanus\/","title":{"rendered":"Marcelo R. Lanus"},"content":{"rendered":"\t\t<div data-elementor-type=\"wp-page\" data-elementor-id=\"1771\" class=\"elementor elementor-1771\">\n\t\t\t\t\t\t<div class=\"elementor-inner\">\n\t\t\t\t<div class=\"elementor-section-wrap\">\n\t\t\t\t\t\t\t\t\t<section class=\"elementor-section elementor-top-section elementor-element elementor-element-5ibak0t elementor-section-boxed elementor-section-height-default elementor-section-height-default\" data-id=\"5ibak0t\" data-element_type=\"section\" data-settings=\"{&quot;background_background&quot;:&quot;classic&quot;}\">\n\t\t\t\t\t\t<div class=\"elementor-container elementor-column-gap-no\">\n\t\t\t\t\t\t\t<div class=\"elementor-row\">\n\t\t\t\t\t<div class=\"elementor-column elementor-col-100 elementor-top-column elementor-element elementor-element-153575a\" data-id=\"153575a\" data-element_type=\"column\">\n\t\t\t<div class=\"elementor-column-wrap elementor-element-populated\">\n\t\t\t\t\t\t\t<div class=\"elementor-widget-wrap\">\n\t\t\t\t\t\t<div class=\"elementor-element elementor-element-244db0a elementor-widget elementor-widget-heading\" data-id=\"244db0a\" data-element_type=\"widget\" data-widget_type=\"heading.default\">\n\t\t\t\t<div class=\"elementor-widget-container\">\n\t\t\t<h1 class=\"elementor-heading-title elementor-size-default\">Marcelo R. Lanus\n<\/h1>\t\t<\/div>\n\t\t\t\t<\/div>\n\t\t\t\t\t\t<\/div>\n\t\t\t\t\t<\/div>\n\t\t<\/div>\n\t\t\t\t\t\t\t\t<\/div>\n\t\t\t\t\t<\/div>\n\t\t<\/section>\n\t\t\t\t<section class=\"elementor-section elementor-top-section elementor-element elementor-element-538ef86 elementor-section-content-middle elementor-section-boxed elementor-section-height-default elementor-section-height-default\" data-id=\"538ef86\" data-element_type=\"section\" data-settings=\"{&quot;background_background&quot;:&quot;classic&quot;}\">\n\t\t\t\t\t\t\t<div class=\"elementor-background-overlay\"><\/div>\n\t\t\t\t\t\t\t<div class=\"elementor-container elementor-column-gap-no\">\n\t\t\t\t\t\t\t<div class=\"elementor-row\">\n\t\t\t\t\t<div class=\"elementor-column elementor-col-100 elementor-top-column elementor-element elementor-element-31b444b\" data-id=\"31b444b\" data-element_type=\"column\">\n\t\t\t<div class=\"elementor-column-wrap elementor-element-populated\">\n\t\t\t\t\t\t\t<div class=\"elementor-widget-wrap\">\n\t\t\t\t\t\t<div class=\"elementor-element elementor-element-738d483 elementor-widget elementor-widget-image\" data-id=\"738d483\" data-element_type=\"widget\" data-widget_type=\"image.default\">\n\t\t\t\t<div class=\"elementor-widget-container\">\n\t\t\t\t\t\t\t\t<div class=\"elementor-image\">\n\t\t\t\t\t\t\t\t\t\t\t\t<img width=\"300\" height=\"300\" src=\"https:\/\/martinymiguens.com.ar\/wp-content\/uploads\/2022\/07\/mr-lanus-profile-300x300.jpg\" class=\"attachment-medium size-medium\" alt=\"\" loading=\"lazy\" srcset=\"https:\/\/martinymiguens.com.ar\/wp-content\/uploads\/2022\/07\/mr-lanus-profile-300x300.jpg 300w, https:\/\/martinymiguens.com.ar\/wp-content\/uploads\/2022\/07\/mr-lanus-profile-150x150.jpg 150w, https:\/\/martinymiguens.com.ar\/wp-content\/uploads\/2022\/07\/mr-lanus-profile-144x144.jpg 144w, https:\/\/martinymiguens.com.ar\/wp-content\/uploads\/2022\/07\/mr-lanus-profile.jpg 680w\" sizes=\"(max-width: 300px) 100vw, 300px\" \/>\t\t\t\t\t\t\t\t\t\t\t\t\t\t<\/div>\n\t\t\t\t\t\t<\/div>\n\t\t\t\t<\/div>\n\t\t\t\t<div class=\"elementor-element elementor-element-54d4f8f elementor-widget elementor-widget-text-editor\" data-id=\"54d4f8f\" data-element_type=\"widget\" data-widget_type=\"text-editor.default\">\n\t\t\t\t<div class=\"elementor-widget-container\">\n\t\t\t\t\t\t\t\t<div class=\"elementor-text-editor elementor-clearfix\">\n\t\t\t\t<p><em>Nacido el 16 de abril de 1945, y egresado del Colegio Champagnat en 1962 y de la Universidad Cat\u00f3lica Argentina en 1969.<\/em><\/p><p><em>Ha trabajado como colaborador en diversos Estudios Jur\u00eddicos (Estudio de los Dres. Rivarola, 1963-1968; Estudio Beccar Varela, 1968-1969) y desde su graduaci\u00f3n en 1971 ha ejercido la profesi\u00f3n en el Banco Hipotecario Nacional como apoderado judicial (1971-1978), como socio del Estudio de los Dres. Rivarola y Lan\u00fas (1971-1991) y del Estudio Martin &amp; Miguens Abogados desde el a\u00f1o 1991 hasta la fecha.<\/em><\/p><p><em>Miembro vitalicio del Colegio de Abogados de Buenos Aires, del Colegio P\u00fablico de Abogados de la Capital Federal y del Colegio de Abogados de la Provincia de Buenos Aires (Departamento Judicial de La Plata).<\/em><\/p><p><em>Se ha desempe\u00f1ado como miembro del Directorio y S\u00edndico de diversas sociedades y ha integrado como vocal el Tribunal de Apelaciones de la Comisi\u00f3n Deportiva Automovil\u00edstica del Autom\u00f3vil Club Argentino: en diferentes per\u00edodos.<\/em><\/p><p><em>Ha participado en numerosos cursos o seminarios sobre temas profesionales, entre ellos<\/em><br \/><em>(Universidad Austral, Seminario sobre T\u00e9cnicas de Negociaci\u00f3n, (1996)<\/em><br \/><em>Universidad Austral (CUDES), Curso de Derecho Societario (2005)<\/em><br \/><em>Idioma: Ingl\u00e9s.<\/em><\/p>\t\t\t\t\t<\/div>\n\t\t\t\t\t\t<\/div>\n\t\t\t\t<\/div>\n\t\t\t\t\t\t<\/div>\n\t\t\t\t\t<\/div>\n\t\t<\/div>\n\t\t\t\t\t\t\t\t<\/div>\n\t\t\t\t\t<\/div>\n\t\t<\/section>\n\t\t\t\t\t\t\t\t\t<\/div>\n\t\t\t<\/div>\n\t\t\t\t\t<\/div>\n\t\t","protected":false},"excerpt":{"rendered":"<p>Marcelo R. Lanus Nacido el 16 de abril de 1945, y egresado del Colegio Champagnat en 1962 y de la Universidad Cat\u00f3lica Argentina en 1969. Ha trabajado como colaborador en diversos Estudios Jur\u00eddicos (Estudio de los Dres. Rivarola, 1963-1968; Estudio Beccar Varela, 1968-1969) y desde su graduaci\u00f3n en 1971 ha ejercido la profesi\u00f3n en el &hellip;<\/p>\n<p class=\"read-more\"> <a class=\"\" href=\"https:\/\/martinymiguens.com.ar\/index.php\/marcelo-r-lanus\/\"> <span class=\"screen-reader-text\">Marcelo R. Lanus<\/span> Leer m\u00e1s &raquo;<\/a><\/p>\n","protected":false},"author":1,"featured_media":0,"parent":0,"menu_order":0,"comment_status":"closed","ping_status":"closed","template":"","meta":{"site-sidebar-layout":"no-sidebar","site-content-layout":"page-builder","ast-global-header-display":"","ast-main-header-display":"","ast-hfb-above-header-display":"","ast-hfb-below-header-display":"","ast-hfb-mobile-header-display":"","site-post-title":"disabled","ast-breadcrumbs-content":"","ast-featured-img":"disabled","footer-sml-layout":"","theme-transparent-header-meta":"","adv-header-id-meta":"","stick-header-meta":"","header-above-stick-meta":"","header-main-stick-meta":"","header-below-stick-meta":""},"yoast_head":"<!-- This site is optimized with the Yoast SEO plugin v19.4 - https:\/\/yoast.com\/wordpress\/plugins\/seo\/ -->\r\n<title>Marcelo R. Lanus - Martin y Miguens Abogados<\/title>\r\n<meta name=\"description\" content=\"Nacido el 16 de abril de 1945, y egresado del Colegio Champagnat en 1962 y de la Universidad Cat\u00f3lica Argentina en 1969.Ha trabajado como colaborador en diversos Estudios Jur\u00eddicos (Estudio de los Dres. Rivarola, 1963-1968; Estudio Beccar Varela, 1968-1969) y desde su graduaci\u00f3n en 1971 ha ejercido la profesi\u00f3n en el Banco Hipotecario Nacional como apoderado judicial (1971-1978), como socio del Estudio de los Dres. Rivarola y Lan\u00fas (1971-1991) y del Estudio Martin &amp; Miguens Abogados desde el a\u00f1o 1991 hasta la fecha. Miembro vitalicio del Colegio de Abogados de Buenos Aires, del Colegio P\u00fablico de Abogados de la Capital Federal y del Colegio de Abogados de la Provincia de Buenos Aires (Departamento Judicial de La Plata).Se ha desempe\u00f1ado como miembro del Directorio y S\u00edndico de diversas sociedades y ha integrado como vocal el Tribunal de Apelaciones de la Comisi\u00f3n Deportiva Automovil\u00edstica del Autom\u00f3vil Club Argentino: en diferentes per\u00edodos. Ha participado en numerosos cursos o seminarios sobre temas profesionales, entre ellos(Universidad Austral, Seminario sobre T\u00e9cnicas de Negociaci\u00f3n, (1996)Universidad Austral (CUDES), Curso de Derecho Societario (2005)Idioma: Ingl\u00e9s.\" \/>\r\n<meta name=\"robots\" content=\"index, follow, max-snippet:-1, max-image-preview:large, max-video-preview:-1\" \/>\r\n<link rel=\"canonical\" href=\"https:\/\/martinymiguens.com.ar\/index.php\/marcelo-r-lanus\/\" \/>\r\n<meta property=\"og:locale\" content=\"es_ES\" \/>\r\n<meta property=\"og:type\" content=\"article\" \/>\r\n<meta property=\"og:title\" content=\"Marcelo R. Lanus - Martin y Miguens Abogados\" \/>\r\n<meta property=\"og:description\" content=\"Nacido el 16 de abril de 1945, y egresado del Colegio Champagnat en 1962 y de la Universidad Cat\u00f3lica Argentina en 1969.Ha trabajado como colaborador en diversos Estudios Jur\u00eddicos (Estudio de los Dres. Rivarola, 1963-1968; Estudio Beccar Varela, 1968-1969) y desde su graduaci\u00f3n en 1971 ha ejercido la profesi\u00f3n en el Banco Hipotecario Nacional como apoderado judicial (1971-1978), como socio del Estudio de los Dres. Rivarola y Lan\u00fas (1971-1991) y del Estudio Martin &amp; Miguens Abogados desde el a\u00f1o 1991 hasta la fecha. Miembro vitalicio del Colegio de Abogados de Buenos Aires, del Colegio P\u00fablico de Abogados de la Capital Federal y del Colegio de Abogados de la Provincia de Buenos Aires (Departamento Judicial de La Plata).Se ha desempe\u00f1ado como miembro del Directorio y S\u00edndico de diversas sociedades y ha integrado como vocal el Tribunal de Apelaciones de la Comisi\u00f3n Deportiva Automovil\u00edstica del Autom\u00f3vil Club Argentino: en diferentes per\u00edodos. Ha participado en numerosos cursos o seminarios sobre temas profesionales, entre ellos(Universidad Austral, Seminario sobre T\u00e9cnicas de Negociaci\u00f3n, (1996)Universidad Austral (CUDES), Curso de Derecho Societario (2005)Idioma: Ingl\u00e9s.\" \/>\r\n<meta property=\"og:url\" content=\"https:\/\/martinymiguens.com.ar\/index.php\/marcelo-r-lanus\/\" \/>\r\n<meta property=\"og:site_name\" content=\"Martin y Miguens Abogados\" \/>\r\n<meta property=\"article:modified_time\" content=\"2022-08-08T16:17:04+00:00\" \/>\r\n<meta property=\"og:image\" content=\"https:\/\/martinymiguens.com.ar\/wp-content\/uploads\/2022\/07\/mr-lanus-profile-300x300.jpg\" \/>\r\n<meta name=\"twitter:card\" content=\"summary_large_image\" \/>\r\n<meta name=\"twitter:label1\" content=\"Tiempo de lectura\" \/>\n\t<meta name=\"twitter:data1\" content=\"2 minutos\" \/>\r\n<script type=\"application\/ld+json\" class=\"yoast-schema-graph\">{\"@context\":\"https:\/\/schema.org\",\"@graph\":[{\"@type\":\"Organization\",\"@id\":\"https:\/\/martinymiguens.com.ar\/#organization\",\"name\":\"Martin y Miguens Abogados\",\"url\":\"https:\/\/martinymiguens.com.ar\/\",\"sameAs\":[],\"logo\":{\"@type\":\"ImageObject\",\"inLanguage\":\"es\",\"@id\":\"https:\/\/martinymiguens.com.ar\/#\/schema\/logo\/image\/\",\"url\":\"https:\/\/martinymiguens.com.ar\/wp-content\/uploads\/2020\/07\/logo-principal-grande-1.png\",\"contentUrl\":\"https:\/\/martinymiguens.com.ar\/wp-content\/uploads\/2020\/07\/logo-principal-grande-1.png\",\"width\":734,\"height\":204,\"caption\":\"Martin y Miguens Abogados\"},\"image\":{\"@id\":\"https:\/\/martinymiguens.com.ar\/#\/schema\/logo\/image\/\"}},{\"@type\":\"WebSite\",\"@id\":\"https:\/\/martinymiguens.com.ar\/#website\",\"url\":\"https:\/\/martinymiguens.com.ar\/\",\"name\":\"Martin y Miguens Abogados\",\"description\":\"MyM\",\"publisher\":{\"@id\":\"https:\/\/martinymiguens.com.ar\/#organization\"},\"potentialAction\":[{\"@type\":\"SearchAction\",\"target\":{\"@type\":\"EntryPoint\",\"urlTemplate\":\"https:\/\/martinymiguens.com.ar\/?s={search_term_string}\"},\"query-input\":\"required name=search_term_string\"}],\"inLanguage\":\"es\"},{\"@type\":\"WebPage\",\"@id\":\"https:\/\/martinymiguens.com.ar\/index.php\/marcelo-r-lanus\/\",\"url\":\"https:\/\/martinymiguens.com.ar\/index.php\/marcelo-r-lanus\/\",\"name\":\"Marcelo R. Lanus - Martin y Miguens Abogados\",\"isPartOf\":{\"@id\":\"https:\/\/martinymiguens.com.ar\/#website\"},\"datePublished\":\"2022-07-28T18:42:38+00:00\",\"dateModified\":\"2022-08-08T16:17:04+00:00\",\"description\":\"Nacido el 16 de abril de 1945, y egresado del Colegio Champagnat en 1962 y de la Universidad Cat\u00f3lica Argentina en 1969.Ha trabajado como colaborador en diversos Estudios Jur\u00eddicos (Estudio de los Dres. Rivarola, 1963-1968; Estudio Beccar Varela, 1968-1969) y desde su graduaci\u00f3n en 1971 ha ejercido la profesi\u00f3n en el Banco Hipotecario Nacional como apoderado judicial (1971-1978), como socio del Estudio de los Dres. Rivarola y Lan\u00fas (1971-1991) y del Estudio Martin & Miguens Abogados desde el a\u00f1o 1991 hasta la fecha. Miembro vitalicio del Colegio de Abogados de Buenos Aires, del Colegio P\u00fablico de Abogados de la Capital Federal y del Colegio de Abogados de la Provincia de Buenos Aires (Departamento Judicial de La Plata).Se ha desempe\u00f1ado como miembro del Directorio y S\u00edndico de diversas sociedades y ha integrado como vocal el Tribunal de Apelaciones de la Comisi\u00f3n Deportiva Automovil\u00edstica del Autom\u00f3vil Club Argentino: en diferentes per\u00edodos. Ha participado en numerosos cursos o seminarios sobre temas profesionales, entre ellos(Universidad Austral, Seminario sobre T\u00e9cnicas de Negociaci\u00f3n, (1996)Universidad Austral (CUDES), Curso de Derecho Societario (2005)Idioma: Ingl\u00e9s.\",\"breadcrumb\":{\"@id\":\"https:\/\/martinymiguens.com.ar\/index.php\/marcelo-r-lanus\/#breadcrumb\"},\"inLanguage\":\"es\",\"potentialAction\":[{\"@type\":\"ReadAction\",\"target\":[\"https:\/\/martinymiguens.com.ar\/index.php\/marcelo-r-lanus\/\"]}]},{\"@type\":\"BreadcrumbList\",\"@id\":\"https:\/\/martinymiguens.com.ar\/index.php\/marcelo-r-lanus\/#breadcrumb\",\"itemListElement\":[{\"@type\":\"ListItem\",\"position\":1,\"name\":\"Portada\",\"item\":\"https:\/\/martinymiguens.com.ar\/\"},{\"@type\":\"ListItem\",\"position\":2,\"name\":\"Marcelo R. Lanus\"}]}]}<\/script>\r\n<!-- \/ Yoast SEO plugin. -->","yoast_head_json":{"title":"Marcelo R. Lanus - Martin y Miguens Abogados","description":"Nacido el 16 de abril de 1945, y egresado del Colegio Champagnat en 1962 y de la Universidad Cat\u00f3lica Argentina en 1969.Ha trabajado como colaborador en diversos Estudios Jur\u00eddicos (Estudio de los Dres. Rivarola, 1963-1968; Estudio Beccar Varela, 1968-1969) y desde su graduaci\u00f3n en 1971 ha ejercido la profesi\u00f3n en el Banco Hipotecario Nacional como apoderado judicial (1971-1978), como socio del Estudio de los Dres. Rivarola y Lan\u00fas (1971-1991) y del Estudio Martin & Miguens Abogados desde el a\u00f1o 1991 hasta la fecha. Miembro vitalicio del Colegio de Abogados de Buenos Aires, del Colegio P\u00fablico de Abogados de la Capital Federal y del Colegio de Abogados de la Provincia de Buenos Aires (Departamento Judicial de La Plata).Se ha desempe\u00f1ado como miembro del Directorio y S\u00edndico de diversas sociedades y ha integrado como vocal el Tribunal de Apelaciones de la Comisi\u00f3n Deportiva Automovil\u00edstica del Autom\u00f3vil Club Argentino: en diferentes per\u00edodos. Ha participado en numerosos cursos o seminarios sobre temas profesionales, entre ellos(Universidad Austral, Seminario sobre T\u00e9cnicas de Negociaci\u00f3n, (1996)Universidad Austral (CUDES), Curso de Derecho Societario (2005)Idioma: Ingl\u00e9s.","robots":{"index":"index","follow":"follow","max-snippet":"max-snippet:-1","max-image-preview":"max-image-preview:large","max-video-preview":"max-video-preview:-1"},"canonical":"https:\/\/martinymiguens.com.ar\/index.php\/marcelo-r-lanus\/","og_locale":"es_ES","og_type":"article","og_title":"Marcelo R. Lanus - Martin y Miguens Abogados","og_description":"Nacido el 16 de abril de 1945, y egresado del Colegio Champagnat en 1962 y de la Universidad Cat\u00f3lica Argentina en 1969.Ha trabajado como colaborador en diversos Estudios Jur\u00eddicos (Estudio de los Dres. Rivarola, 1963-1968; Estudio Beccar Varela, 1968-1969) y desde su graduaci\u00f3n en 1971 ha ejercido la profesi\u00f3n en el Banco Hipotecario Nacional como apoderado judicial (1971-1978), como socio del Estudio de los Dres. Rivarola y Lan\u00fas (1971-1991) y del Estudio Martin & Miguens Abogados desde el a\u00f1o 1991 hasta la fecha. Miembro vitalicio del Colegio de Abogados de Buenos Aires, del Colegio P\u00fablico de Abogados de la Capital Federal y del Colegio de Abogados de la Provincia de Buenos Aires (Departamento Judicial de La Plata).Se ha desempe\u00f1ado como miembro del Directorio y S\u00edndico de diversas sociedades y ha integrado como vocal el Tribunal de Apelaciones de la Comisi\u00f3n Deportiva Automovil\u00edstica del Autom\u00f3vil Club Argentino: en diferentes per\u00edodos. Ha participado en numerosos cursos o seminarios sobre temas profesionales, entre ellos(Universidad Austral, Seminario sobre T\u00e9cnicas de Negociaci\u00f3n, (1996)Universidad Austral (CUDES), Curso de Derecho Societario (2005)Idioma: Ingl\u00e9s.","og_url":"https:\/\/martinymiguens.com.ar\/index.php\/marcelo-r-lanus\/","og_site_name":"Martin y Miguens Abogados","article_modified_time":"2022-08-08T16:17:04+00:00","og_image":[{"url":"https:\/\/martinymiguens.com.ar\/wp-content\/uploads\/2022\/07\/mr-lanus-profile-300x300.jpg"}],"twitter_card":"summary_large_image","twitter_misc":{"Tiempo de lectura":"2 minutos"},"schema":{"@context":"https:\/\/schema.org","@graph":[{"@type":"Organization","@id":"https:\/\/martinymiguens.com.ar\/#organization","name":"Martin y Miguens Abogados","url":"https:\/\/martinymiguens.com.ar\/","sameAs":[],"logo":{"@type":"ImageObject","inLanguage":"es","@id":"https:\/\/martinymiguens.com.ar\/#\/schema\/logo\/image\/","url":"https:\/\/martinymiguens.com.ar\/wp-content\/uploads\/2020\/07\/logo-principal-grande-1.png","contentUrl":"https:\/\/martinymiguens.com.ar\/wp-content\/uploads\/2020\/07\/logo-principal-grande-1.png","width":734,"height":204,"caption":"Martin y Miguens Abogados"},"image":{"@id":"https:\/\/martinymiguens.com.ar\/#\/schema\/logo\/image\/"}},{"@type":"WebSite","@id":"https:\/\/martinymiguens.com.ar\/#website","url":"https:\/\/martinymiguens.com.ar\/","name":"Martin y Miguens Abogados","description":"MyM","publisher":{"@id":"https:\/\/martinymiguens.com.ar\/#organization"},"potentialAction":[{"@type":"SearchAction","target":{"@type":"EntryPoint","urlTemplate":"https:\/\/martinymiguens.com.ar\/?s={search_term_string}"},"query-input":"required name=search_term_string"}],"inLanguage":"es"},{"@type":"WebPage","@id":"https:\/\/martinymiguens.com.ar\/index.php\/marcelo-r-lanus\/","url":"https:\/\/martinymiguens.com.ar\/index.php\/marcelo-r-lanus\/","name":"Marcelo R. Lanus - Martin y Miguens Abogados","isPartOf":{"@id":"https:\/\/martinymiguens.com.ar\/#website"},"datePublished":"2022-07-28T18:42:38+00:00","dateModified":"2022-08-08T16:17:04+00:00","description":"Nacido el 16 de abril de 1945, y egresado del Colegio Champagnat en 1962 y de la Universidad Cat\u00f3lica Argentina en 1969.Ha trabajado como colaborador en diversos Estudios Jur\u00eddicos (Estudio de los Dres. Rivarola, 1963-1968; Estudio Beccar Varela, 1968-1969) y desde su graduaci\u00f3n en 1971 ha ejercido la profesi\u00f3n en el Banco Hipotecario Nacional como apoderado judicial (1971-1978), como socio del Estudio de los Dres. Rivarola y Lan\u00fas (1971-1991) y del Estudio Martin & Miguens Abogados desde el a\u00f1o 1991 hasta la fecha. Miembro vitalicio del Colegio de Abogados de Buenos Aires, del Colegio P\u00fablico de Abogados de la Capital Federal y del Colegio de Abogados de la Provincia de Buenos Aires (Departamento Judicial de La Plata).Se ha desempe\u00f1ado como miembro del Directorio y S\u00edndico de diversas sociedades y ha integrado como vocal el Tribunal de Apelaciones de la Comisi\u00f3n Deportiva Automovil\u00edstica del Autom\u00f3vil Club Argentino: en diferentes per\u00edodos. Ha participado en numerosos cursos o seminarios sobre temas profesionales, entre ellos(Universidad Austral, Seminario sobre T\u00e9cnicas de Negociaci\u00f3n, (1996)Universidad Austral (CUDES), Curso de Derecho Societario (2005)Idioma: Ingl\u00e9s.","breadcrumb":{"@id":"https:\/\/martinymiguens.com.ar\/index.php\/marcelo-r-lanus\/#breadcrumb"},"inLanguage":"es","potentialAction":[{"@type":"ReadAction","target":["https:\/\/martinymiguens.com.ar\/index.php\/marcelo-r-lanus\/"]}]},{"@type":"BreadcrumbList","@id":"https:\/\/martinymiguens.com.ar\/index.php\/marcelo-r-lanus\/#breadcrumb","itemListElement":[{"@type":"ListItem","position":1,"name":"Portada","item":"https:\/\/martinymiguens.com.ar\/"},{"@type":"ListItem","position":2,"name":"Marcelo R. Lanus"}]}]}},"_links":{"self":[{"href":"https:\/\/martinymiguens.com.ar\/index.php\/wp-json\/wp\/v2\/pages\/1771"}],"collection":[{"href":"https:\/\/martinymiguens.com.ar\/index.php\/wp-json\/wp\/v2\/pages"}],"about":[{"href":"https:\/\/martinymiguens.com.ar\/index.php\/wp-json\/wp\/v2\/types\/page"}],"author":[{"embeddable":true,"href":"https:\/\/martinymiguens.com.ar\/index.php\/wp-json\/wp\/v2\/users\/1"}],"replies":[{"embeddable":true,"href":"https:\/\/martinymiguens.com.ar\/index.php\/wp-json\/wp\/v2\/comments?post=1771"}],"version-history":[{"count":6,"href":"https:\/\/martinymiguens.com.ar\/index.php\/wp-json\/wp\/v2\/pages\/1771\/revisions"}],"predecessor-version":[{"id":1894,"href":"https:\/\/martinymiguens.com.ar\/index.php\/wp-json\/wp\/v2\/pages\/1771\/revisions\/1894"}],"wp:attachment":[{"href":"https:\/\/martinymiguens.com.ar\/index.php\/wp-json\/wp\/v2\/media?parent=1771"}],"curies":[{"name":"wp","href":"https:\/\/api.w.org\/{rel}","templated":true}]}}